{"id":1201,"date":"2025-02-28T11:44:54","date_gmt":"2025-02-28T10:44:54","guid":{"rendered":"https:\/\/www.helenaelisabeth.se\/?page_id=1201"},"modified":"2026-03-11T12:01:32","modified_gmt":"2026-03-11T11:01:32","slug":"fabrics-2","status":"publish","type":"page","link":"https:\/\/www.helenaelisabeth.se\/en\/fabrics-2\/","title":{"rendered":"From thread to garment under same roof"},"content":{"rendered":"<div style=\"height:15px\" aria-hidden=\"true\" class=\"wp-block-spacer\"><\/div>\n\n\n\n<h2 class=\"wp-block-heading\" style=\"text-transform:uppercase\">Self-woven fabrics<\/h2>\n\n\n\n<p class=\"translation-block\">I am a dedicated weaver and I weave several of the fabrics myself. \nI have a mechanical loom to be able to weave more rationally, it is still a small-scale production. I weave the fabrics in the hand loom or in the mechanical loom depending on which suits the quality best. The mechanical loom is old-school engineering with shuttle, gears, cast iron, punched card and leather details. \nIn the looms the threads tie together in different patterns weft by weft and building a fabric.\u00a0<\/p>\n\n\n\n<div style=\"height:25px\" aria-hidden=\"true\" class=\"wp-block-spacer\"><\/div>\n\n\n\n<h2 class=\"wp-block-heading\" style=\"text-transform:uppercase\">Natural materials<\/h2>\n\n\n\n<p>The materials in my fabrics are organic cotton, linen, organic linen and wool.<\/p>\n\n\n\n<div style=\"height:15px\" aria-hidden=\"true\" class=\"wp-block-spacer\"><\/div>\n\n\n\n<div style=\"height:25px\" aria-hidden=\"true\" class=\"wp-block-spacer\"><\/div>\n\n\n\n<div class=\"wp-block-columns is-layout-flex wp-container-core-columns-is-layout-28f84493 wp-block-columns-is-layout-flex\">\n<div class=\"wp-block-column is-layout-flow wp-block-column-is-layout-flow\">\n<figure class=\"wp-block-image size-large\"><img loading=\"lazy\" decoding=\"async\" width=\"1024\" height=\"731\" src=\"https:\/\/www.helenaelisabeth.se\/wp-content\/uploads\/2025\/10\/vavt-tyg-ruta-svart-1024x731.jpeg\" alt=\"v\u00e4vt tyg ruta svart\" class=\"wp-image-2084\" style=\"aspect-ratio:1;object-fit:cover\" srcset=\"https:\/\/www.helenaelisabeth.se\/wp-content\/uploads\/2025\/10\/vavt-tyg-ruta-svart-1024x731.jpeg 1024w, https:\/\/www.helenaelisabeth.se\/wp-content\/uploads\/2025\/10\/vavt-tyg-ruta-svart-600x428.jpeg 600w, https:\/\/www.helenaelisabeth.se\/wp-content\/uploads\/2025\/10\/vavt-tyg-ruta-svart-768x548.jpeg 768w, https:\/\/www.helenaelisabeth.se\/wp-content\/uploads\/2025\/10\/vavt-tyg-ruta-svart-1536x1097.jpeg 1536w, https:\/\/www.helenaelisabeth.se\/wp-content\/uploads\/2025\/10\/vavt-tyg-ruta-svart-18x12.jpeg 18w, https:\/\/www.helenaelisabeth.se\/wp-content\/uploads\/2025\/10\/vavt-tyg-ruta-svart-300x214.jpeg 300w, https:\/\/www.helenaelisabeth.se\/wp-content\/uploads\/2025\/10\/vavt-tyg-ruta-svart.jpeg 1772w\" sizes=\"auto, (max-width: 1024px) 100vw, 1024px\" \/><\/figure>\n<\/div>\n\n\n\n<div class=\"wp-block-column is-layout-flow wp-block-column-is-layout-flow\">\n<figure class=\"wp-block-image size-full\"><img loading=\"lazy\" decoding=\"async\" width=\"1772\" height=\"1265\" src=\"https:\/\/www.helenaelisabeth.se\/wp-content\/uploads\/2025\/10\/tyg-ull-handvavt.jpeg\" alt=\"handv\u00e4vt tyg ull\" class=\"wp-image-2085\" style=\"aspect-ratio:1;object-fit:cover\" srcset=\"https:\/\/www.helenaelisabeth.se\/wp-content\/uploads\/2025\/10\/tyg-ull-handvavt.jpeg 1772w, https:\/\/www.helenaelisabeth.se\/wp-content\/uploads\/2025\/10\/tyg-ull-handvavt-600x428.jpeg 600w, https:\/\/www.helenaelisabeth.se\/wp-content\/uploads\/2025\/10\/tyg-ull-handvavt-1024x731.jpeg 1024w, https:\/\/www.helenaelisabeth.se\/wp-content\/uploads\/2025\/10\/tyg-ull-handvavt-768x548.jpeg 768w, https:\/\/www.helenaelisabeth.se\/wp-content\/uploads\/2025\/10\/tyg-ull-handvavt-1536x1097.jpeg 1536w, https:\/\/www.helenaelisabeth.se\/wp-content\/uploads\/2025\/10\/tyg-ull-handvavt-18x12.jpeg 18w, https:\/\/www.helenaelisabeth.se\/wp-content\/uploads\/2025\/10\/tyg-ull-handvavt-300x214.jpeg 300w\" sizes=\"auto, (max-width: 1772px) 100vw, 1772px\" \/><\/figure>\n<\/div>\n<\/div>\n\n\n\n<div style=\"height:25px\" aria-hidden=\"true\" class=\"wp-block-spacer\"><\/div>\n\n\n\n<figure class=\"wp-block-video\"><video height=\"1080\" style=\"aspect-ratio: 1920 \/ 1080;\" width=\"1920\" controls src=\"https:\/\/www.helenaelisabeth.se\/wp-content\/uploads\/2025\/10\/mekanisk-vavstol-kort.mp4\" playsinline><\/video><\/figure>\n\n\n\n<div style=\"height:200px\" aria-hidden=\"true\" class=\"wp-block-spacer\"><\/div>\n\n\n\n<p><\/p>","protected":false},"excerpt":{"rendered":"<p>Egenv\u00e4vda tyger Jag \u00e4r en h\u00e4ngiven v\u00e4vare och v\u00e4ver flera av tygerna sj\u00e4lv.\u00a0Jag har en mekanisk v\u00e4vstol f\u00f6r att kunna v\u00e4va mer rationellt, det \u00e4r fortfarande en sm\u00e5skalig produktion. Jag v\u00e4ver tygerna i handv\u00e4vstolen eller i den mekaniska v\u00e4vstolen beroende p\u00e5 vilket som passar kvaliteten b\u00e4st. Den mekaniska v\u00e4vstolen best\u00e5r av gjutj\u00e4rn, kugghjul, skyttel, h\u00e5lkort [&hellip;]<\/p>\n","protected":false},"author":1,"featured_media":0,"parent":0,"menu_order":0,"comment_status":"closed","ping_status":"closed","template":"","meta":{"_monsterinsights_skip_tracking":false,"_monsterinsights_sitenote_active":false,"_monsterinsights_sitenote_note":"","_monsterinsights_sitenote_category":0,"footnotes":""},"class_list":["post-1201","page","type-page","status-publish","hentry"],"blocksy_meta":[],"yoast_head":"<!-- This site is optimized with the Yoast SEO plugin v27.1.1 - https:\/\/yoast.com\/product\/yoast-seo-wordpress\/ -->\n<title>Fr\u00e5n tr\u00e5d till plagg under samma tak | HELENAELISABETH<\/title>\n<meta name=\"robots\" content=\"index, follow, max-snippet:-1, max-image-preview:large, max-video-preview:-1\" \/>\n<link rel=\"canonical\" href=\"https:\/\/www.helenaelisabeth.se\/en\/fabrics-2\/\" \/>\n<meta property=\"og:locale\" content=\"en_GB\" \/>\n<meta property=\"og:type\" content=\"article\" \/>\n<meta property=\"og:title\" content=\"Fr\u00e5n tr\u00e5d till plagg under samma tak | HELENAELISABETH\" \/>\n<meta property=\"og:description\" content=\"Egenv\u00e4vda tyger Jag \u00e4r en h\u00e4ngiven v\u00e4vare och v\u00e4ver flera av tygerna sj\u00e4lv.\u00a0Jag har en mekanisk v\u00e4vstol f\u00f6r att kunna v\u00e4va mer rationellt, det \u00e4r fortfarande en sm\u00e5skalig produktion. Jag v\u00e4ver tygerna i handv\u00e4vstolen eller i den mekaniska v\u00e4vstolen beroende p\u00e5 vilket som passar kvaliteten b\u00e4st. Den mekaniska v\u00e4vstolen best\u00e5r av gjutj\u00e4rn, kugghjul, skyttel, h\u00e5lkort [&hellip;]\" \/>\n<meta property=\"og:url\" content=\"https:\/\/www.helenaelisabeth.se\/en\/fabrics-2\/\" \/>\n<meta property=\"og:site_name\" content=\"HELENAELISABETH\" \/>\n<meta property=\"article:modified_time\" content=\"2026-03-11T11:01:32+00:00\" \/>\n<meta property=\"og:image\" content=\"https:\/\/www.helenaelisabeth.se\/wp-content\/uploads\/2025\/10\/vavt-tyg-ruta-svart.jpeg\" \/>\n\t<meta property=\"og:image:width\" content=\"1772\" \/>\n\t<meta property=\"og:image:height\" content=\"1265\" \/>\n\t<meta property=\"og:image:type\" content=\"image\/jpeg\" \/>\n<meta name=\"twitter:card\" content=\"summary_large_image\" \/>\n<meta name=\"twitter:label1\" content=\"Estimated reading time\" \/>\n\t<meta name=\"twitter:data1\" content=\"1 minute\" \/>\n<script type=\"application\/ld+json\" class=\"yoast-schema-graph\">{\"@context\":\"https:\/\/schema.org\",\"@graph\":[{\"@type\":\"WebPage\",\"@id\":\"https:\/\/www.helenaelisabeth.se\/fabrics-2\/\",\"url\":\"https:\/\/www.helenaelisabeth.se\/fabrics-2\/\",\"name\":\"Fr\u00e5n tr\u00e5d till plagg under samma tak | HELENAELISABETH\",\"isPartOf\":{\"@id\":\"https:\/\/www.helenaelisabeth.se\/#website\"},\"primaryImageOfPage\":{\"@id\":\"https:\/\/www.helenaelisabeth.se\/fabrics-2\/#primaryimage\"},\"image\":{\"@id\":\"https:\/\/www.helenaelisabeth.se\/fabrics-2\/#primaryimage\"},\"thumbnailUrl\":\"https:\/\/www.helenaelisabeth.se\/wp-content\/uploads\/2025\/10\/vavt-tyg-ruta-svart-1024x731.jpeg\",\"datePublished\":\"2025-02-28T10:44:54+00:00\",\"dateModified\":\"2026-03-11T11:01:32+00:00\",\"breadcrumb\":{\"@id\":\"https:\/\/www.helenaelisabeth.se\/fabrics-2\/#breadcrumb\"},\"inLanguage\":\"en-GB\",\"potentialAction\":[{\"@type\":\"ReadAction\",\"target\":[\"https:\/\/www.helenaelisabeth.se\/fabrics-2\/\"]}]},{\"@type\":\"ImageObject\",\"inLanguage\":\"en-GB\",\"@id\":\"https:\/\/www.helenaelisabeth.se\/fabrics-2\/#primaryimage\",\"url\":\"https:\/\/www.helenaelisabeth.se\/wp-content\/uploads\/2025\/10\/vavt-tyg-ruta-svart-1024x731.jpeg\",\"contentUrl\":\"https:\/\/www.helenaelisabeth.se\/wp-content\/uploads\/2025\/10\/vavt-tyg-ruta-svart-1024x731.jpeg\"},{\"@type\":\"BreadcrumbList\",\"@id\":\"https:\/\/www.helenaelisabeth.se\/fabrics-2\/#breadcrumb\",\"itemListElement\":[{\"@type\":\"ListItem\",\"position\":1,\"name\":\"Home\",\"item\":\"https:\/\/www.helenaelisabeth.se\/\"},{\"@type\":\"ListItem\",\"position\":2,\"name\":\"Fr\u00e5n tr\u00e5d till plagg under samma tak\"}]},{\"@type\":\"WebSite\",\"@id\":\"https:\/\/www.helenaelisabeth.se\/#website\",\"url\":\"https:\/\/www.helenaelisabeth.se\/\",\"name\":\"HELENAELISABETH\",\"description\":\"B\u00e4r ett hantverk\",\"publisher\":{\"@id\":\"https:\/\/www.helenaelisabeth.se\/#organization\"},\"potentialAction\":[{\"@type\":\"SearchAction\",\"target\":{\"@type\":\"EntryPoint\",\"urlTemplate\":\"https:\/\/www.helenaelisabeth.se\/?s={search_term_string}\"},\"query-input\":{\"@type\":\"PropertyValueSpecification\",\"valueRequired\":true,\"valueName\":\"search_term_string\"}}],\"inLanguage\":\"en-GB\"},{\"@type\":\"Organization\",\"@id\":\"https:\/\/www.helenaelisabeth.se\/#organization\",\"name\":\"HELENAELISABETH\",\"url\":\"https:\/\/www.helenaelisabeth.se\/\",\"logo\":{\"@type\":\"ImageObject\",\"inLanguage\":\"en-GB\",\"@id\":\"https:\/\/www.helenaelisabeth.se\/#\/schema\/logo\/image\/\",\"url\":\"https:\/\/www.helenaelisabeth.se\/wp-content\/uploads\/2025\/01\/Logga-liten.png\",\"contentUrl\":\"https:\/\/www.helenaelisabeth.se\/wp-content\/uploads\/2025\/01\/Logga-liten.png\",\"width\":768,\"height\":76,\"caption\":\"HELENAELISABETH\"},\"image\":{\"@id\":\"https:\/\/www.helenaelisabeth.se\/#\/schema\/logo\/image\/\"},\"sameAs\":[\"https:\/\/www.instagram.com\/helenaelisabeth.se\/\"]}]}<\/script>\n<!-- \/ Yoast SEO plugin. -->","yoast_head_json":{"title":"Fr\u00e5n tr\u00e5d till plagg under samma tak | HELENAELISABETH","robots":{"index":"index","follow":"follow","max-snippet":"max-snippet:-1","max-image-preview":"max-image-preview:large","max-video-preview":"max-video-preview:-1"},"canonical":"https:\/\/www.helenaelisabeth.se\/en\/fabrics-2\/","og_locale":"en_GB","og_type":"article","og_title":"Fr\u00e5n tr\u00e5d till plagg under samma tak | HELENAELISABETH","og_description":"Egenv\u00e4vda tyger Jag \u00e4r en h\u00e4ngiven v\u00e4vare och v\u00e4ver flera av tygerna sj\u00e4lv.\u00a0Jag har en mekanisk v\u00e4vstol f\u00f6r att kunna v\u00e4va mer rationellt, det \u00e4r fortfarande en sm\u00e5skalig produktion. Jag v\u00e4ver tygerna i handv\u00e4vstolen eller i den mekaniska v\u00e4vstolen beroende p\u00e5 vilket som passar kvaliteten b\u00e4st. Den mekaniska v\u00e4vstolen best\u00e5r av gjutj\u00e4rn, kugghjul, skyttel, h\u00e5lkort [&hellip;]","og_url":"https:\/\/www.helenaelisabeth.se\/en\/fabrics-2\/","og_site_name":"HELENAELISABETH","article_modified_time":"2026-03-11T11:01:32+00:00","og_image":[{"width":1772,"height":1265,"url":"https:\/\/www.helenaelisabeth.se\/wp-content\/uploads\/2025\/10\/vavt-tyg-ruta-svart.jpeg","type":"image\/jpeg"}],"twitter_card":"summary_large_image","twitter_misc":{"Estimated reading time":"1 minute"},"schema":{"@context":"https:\/\/schema.org","@graph":[{"@type":"WebPage","@id":"https:\/\/www.helenaelisabeth.se\/fabrics-2\/","url":"https:\/\/www.helenaelisabeth.se\/fabrics-2\/","name":"Fr\u00e5n tr\u00e5d till plagg under samma tak | HELENAELISABETH","isPartOf":{"@id":"https:\/\/www.helenaelisabeth.se\/#website"},"primaryImageOfPage":{"@id":"https:\/\/www.helenaelisabeth.se\/fabrics-2\/#primaryimage"},"image":{"@id":"https:\/\/www.helenaelisabeth.se\/fabrics-2\/#primaryimage"},"thumbnailUrl":"https:\/\/www.helenaelisabeth.se\/wp-content\/uploads\/2025\/10\/vavt-tyg-ruta-svart-1024x731.jpeg","datePublished":"2025-02-28T10:44:54+00:00","dateModified":"2026-03-11T11:01:32+00:00","breadcrumb":{"@id":"https:\/\/www.helenaelisabeth.se\/fabrics-2\/#breadcrumb"},"inLanguage":"en-GB","potentialAction":[{"@type":"ReadAction","target":["https:\/\/www.helenaelisabeth.se\/fabrics-2\/"]}]},{"@type":"ImageObject","inLanguage":"en-GB","@id":"https:\/\/www.helenaelisabeth.se\/fabrics-2\/#primaryimage","url":"https:\/\/www.helenaelisabeth.se\/wp-content\/uploads\/2025\/10\/vavt-tyg-ruta-svart-1024x731.jpeg","contentUrl":"https:\/\/www.helenaelisabeth.se\/wp-content\/uploads\/2025\/10\/vavt-tyg-ruta-svart-1024x731.jpeg"},{"@type":"BreadcrumbList","@id":"https:\/\/www.helenaelisabeth.se\/fabrics-2\/#breadcrumb","itemListElement":[{"@type":"ListItem","position":1,"name":"Home","item":"https:\/\/www.helenaelisabeth.se\/"},{"@type":"ListItem","position":2,"name":"Fr\u00e5n tr\u00e5d till plagg under samma tak"}]},{"@type":"WebSite","@id":"https:\/\/www.helenaelisabeth.se\/#website","url":"https:\/\/www.helenaelisabeth.se\/","name":"HELENAELISABETH","description":"B\u00e4r ett hantverk","publisher":{"@id":"https:\/\/www.helenaelisabeth.se\/#organization"},"potentialAction":[{"@type":"SearchAction","target":{"@type":"EntryPoint","urlTemplate":"https:\/\/www.helenaelisabeth.se\/?s={search_term_string}"},"query-input":{"@type":"PropertyValueSpecification","valueRequired":true,"valueName":"search_term_string"}}],"inLanguage":"en-GB"},{"@type":"Organization","@id":"https:\/\/www.helenaelisabeth.se\/#organization","name":"HELENAELISABETH","url":"https:\/\/www.helenaelisabeth.se\/","logo":{"@type":"ImageObject","inLanguage":"en-GB","@id":"https:\/\/www.helenaelisabeth.se\/#\/schema\/logo\/image\/","url":"https:\/\/www.helenaelisabeth.se\/wp-content\/uploads\/2025\/01\/Logga-liten.png","contentUrl":"https:\/\/www.helenaelisabeth.se\/wp-content\/uploads\/2025\/01\/Logga-liten.png","width":768,"height":76,"caption":"HELENAELISABETH"},"image":{"@id":"https:\/\/www.helenaelisabeth.se\/#\/schema\/logo\/image\/"},"sameAs":["https:\/\/www.instagram.com\/helenaelisabeth.se\/"]}]}},"_links":{"self":[{"href":"https:\/\/www.helenaelisabeth.se\/en\/wp-json\/wp\/v2\/pages\/1201","targetHints":{"allow":["GET"]}}],"collection":[{"href":"https:\/\/www.helenaelisabeth.se\/en\/wp-json\/wp\/v2\/pages"}],"about":[{"href":"https:\/\/www.helenaelisabeth.se\/en\/wp-json\/wp\/v2\/types\/page"}],"author":[{"embeddable":true,"href":"https:\/\/www.helenaelisabeth.se\/en\/wp-json\/wp\/v2\/users\/1"}],"replies":[{"embeddable":true,"href":"https:\/\/www.helenaelisabeth.se\/en\/wp-json\/wp\/v2\/comments?post=1201"}],"version-history":[{"count":5,"href":"https:\/\/www.helenaelisabeth.se\/en\/wp-json\/wp\/v2\/pages\/1201\/revisions"}],"predecessor-version":[{"id":2294,"href":"https:\/\/www.helenaelisabeth.se\/en\/wp-json\/wp\/v2\/pages\/1201\/revisions\/2294"}],"wp:attachment":[{"href":"https:\/\/www.helenaelisabeth.se\/en\/wp-json\/wp\/v2\/media?parent=1201"}],"curies":[{"name":"wp","href":"https:\/\/api.w.org\/{rel}","templated":true}]}}