{"id":865,"date":"2025-02-20T22:43:25","date_gmt":"2025-02-20T21:43:25","guid":{"rendered":"https:\/\/www.helenaelisabeth.se\/?page_id=865"},"modified":"2026-03-11T11:39:07","modified_gmt":"2026-03-11T10:39:07","slug":"about","status":"publish","type":"page","link":"https:\/\/www.helenaelisabeth.se\/en\/about\/","title":{"rendered":"About"},"content":{"rendered":"<div style=\"height:15px\" aria-hidden=\"true\" class=\"wp-block-spacer\"><\/div>\n\n\n\n<p style=\"font-size:clamp(14px, 0.875rem + ((1vw - 3.2px) * 0.078), 15px);font-style:normal;font-weight:400\" class=\"translation-block\">In my studio I am weaving fabrics, designing and sewing the garments. \nMy mission is to make garments with thoughtful design, shape and quality. \nWith that comes durability, garments that can be used for a long time. \nI find inspiration in both handwoven traditional textiles and in experimental fashion,\nclassic garments with details that stand out.\nHigh quality craftsmanship and fashion have inspired me to create a collection with a tailored and expressive look,\na collection that is gradually expanded piece by piece.<\/p>\n\n\n\n<p style=\"font-size:clamp(14px, 0.875rem + ((1vw - 3.2px) * 0.078), 15px);font-style:normal;font-weight:400\"><br>HELENAELISABETH is based outside Lammhult in the countryside in Sm\u00e5land, in southern Sweden. \u00a0<\/p>\n\n\n\n<div style=\"height:25px\" aria-hidden=\"true\" class=\"wp-block-spacer\"><\/div>\n\n\n\n<p style=\"font-size:clamp(14px, 0.875rem + ((1vw - 3.2px) * 0.078), 15px);font-style:normal;font-weight:600\"><\/p>\n\n\n\n<figure class=\"wp-block-image alignleft size-large is-resized\"><img loading=\"lazy\" decoding=\"async\" width=\"683\" height=\"1024\" src=\"https:\/\/www.helenaelisabeth.se\/wp-content\/uploads\/2025\/10\/web-L1120175-683x1024.jpg\" alt=\"Bild Helena\" class=\"wp-image-2142\" style=\"width:211px;height:auto\" srcset=\"https:\/\/www.helenaelisabeth.se\/wp-content\/uploads\/2025\/10\/web-L1120175-683x1024.jpg 683w, https:\/\/www.helenaelisabeth.se\/wp-content\/uploads\/2025\/10\/web-L1120175-400x600.jpg 400w, https:\/\/www.helenaelisabeth.se\/wp-content\/uploads\/2025\/10\/web-L1120175-768x1151.jpg 768w, https:\/\/www.helenaelisabeth.se\/wp-content\/uploads\/2025\/10\/web-L1120175-1025x1536.jpg 1025w, https:\/\/www.helenaelisabeth.se\/wp-content\/uploads\/2025\/10\/web-L1120175-1367x2048.jpg 1367w, https:\/\/www.helenaelisabeth.se\/wp-content\/uploads\/2025\/10\/web-L1120175-8x12.jpg 8w, https:\/\/www.helenaelisabeth.se\/wp-content\/uploads\/2025\/10\/web-L1120175-300x450.jpg 300w, https:\/\/www.helenaelisabeth.se\/wp-content\/uploads\/2025\/10\/web-L1120175-600x899.jpg 600w, https:\/\/www.helenaelisabeth.se\/wp-content\/uploads\/2025\/10\/web-L1120175-scaled.jpg 1708w\" sizes=\"auto, (max-width: 683px) 100vw, 683px\" \/><\/figure>\n\n\n\n<div style=\"height:200px\" aria-hidden=\"true\" class=\"wp-block-spacer\"><\/div>\n\n\n\n<p><\/p>","protected":false},"excerpt":{"rendered":"<p>I min verkstad och atelj\u00e9 v\u00e4ver jag tyger, designar och syr plaggen. Min vision \u00e4r att skapa plagg med genomt\u00e4nkt design, form och kvalitet. Med det f\u00f6ljer h\u00e5llbarhet, plagg att kunna anv\u00e4nda under l\u00e5ng tid. Jag hittar inspiration b\u00e5de i handv\u00e4vda traditionella textilier och i experimentellt mode,klassiska plagg med detaljer som sticker ut.Kombinationen av hantverk [&hellip;]<\/p>\n","protected":false},"author":1,"featured_media":1168,"parent":0,"menu_order":0,"comment_status":"closed","ping_status":"closed","template":"","meta":{"_monsterinsights_skip_tracking":false,"_monsterinsights_sitenote_active":false,"_monsterinsights_sitenote_note":"","_monsterinsights_sitenote_category":0,"footnotes":""},"class_list":["post-865","page","type-page","status-publish","has-post-thumbnail","hentry"],"blocksy_meta":[],"yoast_head":"<!-- This site is optimized with the Yoast SEO plugin v27.1.1 - https:\/\/yoast.com\/product\/yoast-seo-wordpress\/ -->\n<title>Om | HELENAELISABETH<\/title>\n<meta name=\"description\" content=\"HELENAELISABETH atelj\u00e9 och v\u00e4veri i Sm\u00e5land, tillverkning av kl\u00e4der och tyger med design och h\u00e5llbarhet i fokus.\" \/>\n<meta name=\"robots\" content=\"index, follow, max-snippet:-1, max-image-preview:large, max-video-preview:-1\" \/>\n<link rel=\"canonical\" href=\"https:\/\/www.helenaelisabeth.se\/en\/about\/\" \/>\n<meta property=\"og:locale\" content=\"en_GB\" \/>\n<meta property=\"og:type\" content=\"article\" \/>\n<meta property=\"og:title\" content=\"Om | HELENAELISABETH\" \/>\n<meta property=\"og:description\" content=\"HELENAELISABETH atelj\u00e9 och v\u00e4veri i Sm\u00e5land, tillverkning av kl\u00e4der och tyger med design och h\u00e5llbarhet i fokus.\" \/>\n<meta property=\"og:url\" content=\"https:\/\/www.helenaelisabeth.se\/en\/about\/\" \/>\n<meta property=\"og:site_name\" content=\"HELENAELISABETH\" \/>\n<meta property=\"article:modified_time\" content=\"2026-03-11T10:39:07+00:00\" \/>\n<meta property=\"og:image\" content=\"https:\/\/www.helenaelisabeth.se\/wp-content\/uploads\/2025\/02\/w4_HelenaElizabeth2024-0151-2-edited.jpg\" \/>\n\t<meta property=\"og:image:width\" content=\"1024\" \/>\n\t<meta property=\"og:image:height\" content=\"1024\" \/>\n\t<meta property=\"og:image:type\" content=\"image\/jpeg\" \/>\n<meta name=\"twitter:card\" content=\"summary_large_image\" \/>\n<meta name=\"twitter:label1\" content=\"Estimated reading time\" \/>\n\t<meta name=\"twitter:data1\" content=\"1 minute\" \/>\n<script type=\"application\/ld+json\" class=\"yoast-schema-graph\">{\"@context\":\"https:\/\/schema.org\",\"@graph\":[{\"@type\":\"WebPage\",\"@id\":\"https:\/\/www.helenaelisabeth.se\/about\/\",\"url\":\"https:\/\/www.helenaelisabeth.se\/about\/\",\"name\":\"Om | HELENAELISABETH\",\"isPartOf\":{\"@id\":\"https:\/\/www.helenaelisabeth.se\/#website\"},\"primaryImageOfPage\":{\"@id\":\"https:\/\/www.helenaelisabeth.se\/about\/#primaryimage\"},\"image\":{\"@id\":\"https:\/\/www.helenaelisabeth.se\/about\/#primaryimage\"},\"thumbnailUrl\":\"https:\/\/www.helenaelisabeth.se\/wp-content\/uploads\/2025\/02\/w4_HelenaElizabeth2024-0151-2-edited.jpg\",\"datePublished\":\"2025-02-20T21:43:25+00:00\",\"dateModified\":\"2026-03-11T10:39:07+00:00\",\"description\":\"HELENAELISABETH atelj\u00e9 och v\u00e4veri i Sm\u00e5land, tillverkning av kl\u00e4der och tyger med design och h\u00e5llbarhet i fokus.\",\"breadcrumb\":{\"@id\":\"https:\/\/www.helenaelisabeth.se\/about\/#breadcrumb\"},\"inLanguage\":\"en-GB\",\"potentialAction\":[{\"@type\":\"ReadAction\",\"target\":[\"https:\/\/www.helenaelisabeth.se\/about\/\"]}]},{\"@type\":\"ImageObject\",\"inLanguage\":\"en-GB\",\"@id\":\"https:\/\/www.helenaelisabeth.se\/about\/#primaryimage\",\"url\":\"https:\/\/www.helenaelisabeth.se\/wp-content\/uploads\/2025\/02\/w4_HelenaElizabeth2024-0151-2-edited.jpg\",\"contentUrl\":\"https:\/\/www.helenaelisabeth.se\/wp-content\/uploads\/2025\/02\/w4_HelenaElizabeth2024-0151-2-edited.jpg\",\"width\":1024,\"height\":1024,\"caption\":\"Women wearing a white pleated shirt blouse\"},{\"@type\":\"BreadcrumbList\",\"@id\":\"https:\/\/www.helenaelisabeth.se\/about\/#breadcrumb\",\"itemListElement\":[{\"@type\":\"ListItem\",\"position\":1,\"name\":\"Home\",\"item\":\"https:\/\/www.helenaelisabeth.se\/\"},{\"@type\":\"ListItem\",\"position\":2,\"name\":\"Om\"}]},{\"@type\":\"WebSite\",\"@id\":\"https:\/\/www.helenaelisabeth.se\/#website\",\"url\":\"https:\/\/www.helenaelisabeth.se\/\",\"name\":\"HELENAELISABETH\",\"description\":\"B\u00e4r ett hantverk\",\"publisher\":{\"@id\":\"https:\/\/www.helenaelisabeth.se\/#organization\"},\"potentialAction\":[{\"@type\":\"SearchAction\",\"target\":{\"@type\":\"EntryPoint\",\"urlTemplate\":\"https:\/\/www.helenaelisabeth.se\/?s={search_term_string}\"},\"query-input\":{\"@type\":\"PropertyValueSpecification\",\"valueRequired\":true,\"valueName\":\"search_term_string\"}}],\"inLanguage\":\"en-GB\"},{\"@type\":\"Organization\",\"@id\":\"https:\/\/www.helenaelisabeth.se\/#organization\",\"name\":\"HELENAELISABETH\",\"url\":\"https:\/\/www.helenaelisabeth.se\/\",\"logo\":{\"@type\":\"ImageObject\",\"inLanguage\":\"en-GB\",\"@id\":\"https:\/\/www.helenaelisabeth.se\/#\/schema\/logo\/image\/\",\"url\":\"https:\/\/www.helenaelisabeth.se\/wp-content\/uploads\/2025\/01\/Logga-liten.png\",\"contentUrl\":\"https:\/\/www.helenaelisabeth.se\/wp-content\/uploads\/2025\/01\/Logga-liten.png\",\"width\":768,\"height\":76,\"caption\":\"HELENAELISABETH\"},\"image\":{\"@id\":\"https:\/\/www.helenaelisabeth.se\/#\/schema\/logo\/image\/\"},\"sameAs\":[\"https:\/\/www.instagram.com\/helenaelisabeth.se\/\"]}]}<\/script>\n<!-- \/ Yoast SEO plugin. -->","yoast_head_json":{"title":"Om | HELENAELISABETH","description":"HELENAELISABETH atelj\u00e9 och v\u00e4veri i Sm\u00e5land, tillverkning av kl\u00e4der och tyger med design och h\u00e5llbarhet i fokus.","robots":{"index":"index","follow":"follow","max-snippet":"max-snippet:-1","max-image-preview":"max-image-preview:large","max-video-preview":"max-video-preview:-1"},"canonical":"https:\/\/www.helenaelisabeth.se\/en\/about\/","og_locale":"en_GB","og_type":"article","og_title":"Om | HELENAELISABETH","og_description":"HELENAELISABETH atelj\u00e9 och v\u00e4veri i Sm\u00e5land, tillverkning av kl\u00e4der och tyger med design och h\u00e5llbarhet i fokus.","og_url":"https:\/\/www.helenaelisabeth.se\/en\/about\/","og_site_name":"HELENAELISABETH","article_modified_time":"2026-03-11T10:39:07+00:00","og_image":[{"width":1024,"height":1024,"url":"https:\/\/www.helenaelisabeth.se\/wp-content\/uploads\/2025\/02\/w4_HelenaElizabeth2024-0151-2-edited.jpg","type":"image\/jpeg"}],"twitter_card":"summary_large_image","twitter_misc":{"Estimated reading time":"1 minute"},"schema":{"@context":"https:\/\/schema.org","@graph":[{"@type":"WebPage","@id":"https:\/\/www.helenaelisabeth.se\/about\/","url":"https:\/\/www.helenaelisabeth.se\/about\/","name":"Om | HELENAELISABETH","isPartOf":{"@id":"https:\/\/www.helenaelisabeth.se\/#website"},"primaryImageOfPage":{"@id":"https:\/\/www.helenaelisabeth.se\/about\/#primaryimage"},"image":{"@id":"https:\/\/www.helenaelisabeth.se\/about\/#primaryimage"},"thumbnailUrl":"https:\/\/www.helenaelisabeth.se\/wp-content\/uploads\/2025\/02\/w4_HelenaElizabeth2024-0151-2-edited.jpg","datePublished":"2025-02-20T21:43:25+00:00","dateModified":"2026-03-11T10:39:07+00:00","description":"HELENAELISABETH atelj\u00e9 och v\u00e4veri i Sm\u00e5land, tillverkning av kl\u00e4der och tyger med design och h\u00e5llbarhet i fokus.","breadcrumb":{"@id":"https:\/\/www.helenaelisabeth.se\/about\/#breadcrumb"},"inLanguage":"en-GB","potentialAction":[{"@type":"ReadAction","target":["https:\/\/www.helenaelisabeth.se\/about\/"]}]},{"@type":"ImageObject","inLanguage":"en-GB","@id":"https:\/\/www.helenaelisabeth.se\/about\/#primaryimage","url":"https:\/\/www.helenaelisabeth.se\/wp-content\/uploads\/2025\/02\/w4_HelenaElizabeth2024-0151-2-edited.jpg","contentUrl":"https:\/\/www.helenaelisabeth.se\/wp-content\/uploads\/2025\/02\/w4_HelenaElizabeth2024-0151-2-edited.jpg","width":1024,"height":1024,"caption":"Women wearing a white pleated shirt blouse"},{"@type":"BreadcrumbList","@id":"https:\/\/www.helenaelisabeth.se\/about\/#breadcrumb","itemListElement":[{"@type":"ListItem","position":1,"name":"Home","item":"https:\/\/www.helenaelisabeth.se\/"},{"@type":"ListItem","position":2,"name":"Om"}]},{"@type":"WebSite","@id":"https:\/\/www.helenaelisabeth.se\/#website","url":"https:\/\/www.helenaelisabeth.se\/","name":"HELENAELISABETH","description":"B\u00e4r ett hantverk","publisher":{"@id":"https:\/\/www.helenaelisabeth.se\/#organization"},"potentialAction":[{"@type":"SearchAction","target":{"@type":"EntryPoint","urlTemplate":"https:\/\/www.helenaelisabeth.se\/?s={search_term_string}"},"query-input":{"@type":"PropertyValueSpecification","valueRequired":true,"valueName":"search_term_string"}}],"inLanguage":"en-GB"},{"@type":"Organization","@id":"https:\/\/www.helenaelisabeth.se\/#organization","name":"HELENAELISABETH","url":"https:\/\/www.helenaelisabeth.se\/","logo":{"@type":"ImageObject","inLanguage":"en-GB","@id":"https:\/\/www.helenaelisabeth.se\/#\/schema\/logo\/image\/","url":"https:\/\/www.helenaelisabeth.se\/wp-content\/uploads\/2025\/01\/Logga-liten.png","contentUrl":"https:\/\/www.helenaelisabeth.se\/wp-content\/uploads\/2025\/01\/Logga-liten.png","width":768,"height":76,"caption":"HELENAELISABETH"},"image":{"@id":"https:\/\/www.helenaelisabeth.se\/#\/schema\/logo\/image\/"},"sameAs":["https:\/\/www.instagram.com\/helenaelisabeth.se\/"]}]}},"_links":{"self":[{"href":"https:\/\/www.helenaelisabeth.se\/en\/wp-json\/wp\/v2\/pages\/865","targetHints":{"allow":["GET"]}}],"collection":[{"href":"https:\/\/www.helenaelisabeth.se\/en\/wp-json\/wp\/v2\/pages"}],"about":[{"href":"https:\/\/www.helenaelisabeth.se\/en\/wp-json\/wp\/v2\/types\/page"}],"author":[{"embeddable":true,"href":"https:\/\/www.helenaelisabeth.se\/en\/wp-json\/wp\/v2\/users\/1"}],"replies":[{"embeddable":true,"href":"https:\/\/www.helenaelisabeth.se\/en\/wp-json\/wp\/v2\/comments?post=865"}],"version-history":[{"count":5,"href":"https:\/\/www.helenaelisabeth.se\/en\/wp-json\/wp\/v2\/pages\/865\/revisions"}],"predecessor-version":[{"id":2290,"href":"https:\/\/www.helenaelisabeth.se\/en\/wp-json\/wp\/v2\/pages\/865\/revisions\/2290"}],"wp:featuredmedia":[{"embeddable":true,"href":"https:\/\/www.helenaelisabeth.se\/en\/wp-json\/wp\/v2\/media\/1168"}],"wp:attachment":[{"href":"https:\/\/www.helenaelisabeth.se\/en\/wp-json\/wp\/v2\/media?parent=865"}],"curies":[{"name":"wp","href":"https:\/\/api.w.org\/{rel}","templated":true}]}}