{"id":947,"date":"2025-02-21T14:03:58","date_gmt":"2025-02-21T13:03:58","guid":{"rendered":"https:\/\/www.helenaelisabeth.se\/?page_id=947"},"modified":"2026-03-11T11:47:12","modified_gmt":"2026-03-11T10:47:12","slug":"sustainability","status":"publish","type":"page","link":"https:\/\/www.helenaelisabeth.se\/en\/sustainability\/","title":{"rendered":"Sustainability"},"content":{"rendered":"<div style=\"height:15px\" aria-hidden=\"true\" class=\"wp-block-spacer\"><\/div>\n\n\n\n<h1 class=\"wp-block-heading\">Timeless clothes<\/h1>\n\n\n\n<p style=\"border-style:none;border-width:0px;padding-top:0;padding-bottom:0\" class=\"translation-block\">My garments are high quality garments in natural materials, designed to be worn for a long time. \nMy belief is that timeless garments are different garments from person to person, that it's about finding your own style. \nThat these are the garments that we feel lifted and strengthened by and that express who we are or want to be.<\/p>\n\n\n\n<div style=\"height:35px\" aria-hidden=\"true\" class=\"wp-block-spacer\"><\/div>\n\n\n\n<h1 class=\"wp-block-heading\">Buy less, buy better<\/h1>\n\n\n\n<p class=\"translation-block\">With thoughtful purchases of fewer but better garments we contribute to a reduced production of clothing. \nOne of the fashion industry's biggest environmental problems is the overproduction of garments and the waste of resources, \nabove all from fast fashion and ultrafast fashion. \nBut to some extent also of good clothes, where companies after an excessively large production can be left with unsold goods. Which, \nin the worst case, are thrown away in the end.<\/p>\n\n\n\n<div style=\"height:35px\" aria-hidden=\"true\" class=\"wp-block-spacer\"><\/div>\n\n\n\n<h1 class=\"wp-block-heading\">Natural materials and social sustainability<\/h1>\n\n\n\n<p class=\"translation-block\">Sustainable and responsible fashion means several different things.\u00a0Among other, that the garments are made of good and durable materials\u00a0\nand that the garments have high quality and a long lifespan.\u00a0\nIt also means that the manufacturing has taken place in socially sustainable ways where neither workers nor the environment are exploited or abused.<\/p>\n\n\n\n<div style=\"height:25px\" aria-hidden=\"true\" class=\"wp-block-spacer\"><\/div>\n\n\n\n<div style=\"height:25px\" aria-hidden=\"true\" class=\"wp-block-spacer\"><\/div>\n\n\n\n<div style=\"height:25px\" aria-hidden=\"true\" class=\"wp-block-spacer\"><\/div>\n\n\n\n<p><\/p>\n\n\n\n<div style=\"height:203px\" aria-hidden=\"true\" class=\"wp-block-spacer\"><\/div>\n\n\n\n<p><\/p>","protected":false},"excerpt":{"rendered":"<p>Tidl\u00f6sa plagg Mina plagg \u00e4r av h\u00f6g kvalitet i naturliga material, designade f\u00f6r att kunna b\u00e4ras under l\u00e5ng tid.\u00a0Jag tror att tidl\u00f6sa plagg \u00e4r olika plagg fr\u00e5n person till person. Att det ist\u00e4llet handlar om att hitta sin stil.\u00a0Att det \u00e4r de plagg som vi k\u00e4nner oss lyfta och st\u00e4rkta av, och som uttrycker vilka [&hellip;]<\/p>\n","protected":false},"author":1,"featured_media":1167,"parent":0,"menu_order":0,"comment_status":"closed","ping_status":"closed","template":"","meta":{"_monsterinsights_skip_tracking":false,"_monsterinsights_sitenote_active":false,"_monsterinsights_sitenote_note":"","_monsterinsights_sitenote_category":0,"footnotes":""},"class_list":["post-947","page","type-page","status-publish","has-post-thumbnail","hentry"],"blocksy_meta":[],"yoast_head":"<!-- This site is optimized with the Yoast SEO plugin v27.1.1 - https:\/\/yoast.com\/product\/yoast-seo-wordpress\/ -->\n<title>H\u00e5llbarhet | HELENAELISABETH<\/title>\n<meta name=\"robots\" content=\"index, follow, max-snippet:-1, max-image-preview:large, max-video-preview:-1\" \/>\n<link rel=\"canonical\" href=\"https:\/\/www.helenaelisabeth.se\/en\/sustainability\/\" \/>\n<meta property=\"og:locale\" content=\"en_GB\" \/>\n<meta property=\"og:type\" content=\"article\" \/>\n<meta property=\"og:title\" content=\"H\u00e5llbarhet | HELENAELISABETH\" \/>\n<meta property=\"og:description\" content=\"Tidl\u00f6sa plagg Mina plagg \u00e4r av h\u00f6g kvalitet i naturliga material, designade f\u00f6r att kunna b\u00e4ras under l\u00e5ng tid.\u00a0Jag tror att tidl\u00f6sa plagg \u00e4r olika plagg fr\u00e5n person till person. Att det ist\u00e4llet handlar om att hitta sin stil.\u00a0Att det \u00e4r de plagg som vi k\u00e4nner oss lyfta och st\u00e4rkta av, och som uttrycker vilka [&hellip;]\" \/>\n<meta property=\"og:url\" content=\"https:\/\/www.helenaelisabeth.se\/en\/sustainability\/\" \/>\n<meta property=\"og:site_name\" content=\"HELENAELISABETH\" \/>\n<meta property=\"article:modified_time\" content=\"2026-03-11T10:47:12+00:00\" \/>\n<meta property=\"og:image\" content=\"https:\/\/www.helenaelisabeth.se\/wp-content\/uploads\/2025\/02\/w6_HelenaElizabeth2024-1403-edited-1.jpg\" \/>\n\t<meta property=\"og:image:width\" content=\"1024\" \/>\n\t<meta property=\"og:image:height\" content=\"1024\" \/>\n\t<meta property=\"og:image:type\" content=\"image\/jpeg\" \/>\n<meta name=\"twitter:card\" content=\"summary_large_image\" \/>\n<meta name=\"twitter:label1\" content=\"Estimated reading time\" \/>\n\t<meta name=\"twitter:data1\" content=\"2 minutes\" \/>\n<script type=\"application\/ld+json\" class=\"yoast-schema-graph\">{\"@context\":\"https:\/\/schema.org\",\"@graph\":[{\"@type\":\"WebPage\",\"@id\":\"https:\/\/www.helenaelisabeth.se\/sustainability\/\",\"url\":\"https:\/\/www.helenaelisabeth.se\/sustainability\/\",\"name\":\"H\u00e5llbarhet | HELENAELISABETH\",\"isPartOf\":{\"@id\":\"https:\/\/www.helenaelisabeth.se\/#website\"},\"primaryImageOfPage\":{\"@id\":\"https:\/\/www.helenaelisabeth.se\/sustainability\/#primaryimage\"},\"image\":{\"@id\":\"https:\/\/www.helenaelisabeth.se\/sustainability\/#primaryimage\"},\"thumbnailUrl\":\"https:\/\/www.helenaelisabeth.se\/wp-content\/uploads\/2025\/02\/w6_HelenaElizabeth2024-1403-edited-1.jpg\",\"datePublished\":\"2025-02-21T13:03:58+00:00\",\"dateModified\":\"2026-03-11T10:47:12+00:00\",\"breadcrumb\":{\"@id\":\"https:\/\/www.helenaelisabeth.se\/sustainability\/#breadcrumb\"},\"inLanguage\":\"en-GB\",\"potentialAction\":[{\"@type\":\"ReadAction\",\"target\":[\"https:\/\/www.helenaelisabeth.se\/sustainability\/\"]}]},{\"@type\":\"ImageObject\",\"inLanguage\":\"en-GB\",\"@id\":\"https:\/\/www.helenaelisabeth.se\/sustainability\/#primaryimage\",\"url\":\"https:\/\/www.helenaelisabeth.se\/wp-content\/uploads\/2025\/02\/w6_HelenaElizabeth2024-1403-edited-1.jpg\",\"contentUrl\":\"https:\/\/www.helenaelisabeth.se\/wp-content\/uploads\/2025\/02\/w6_HelenaElizabeth2024-1403-edited-1.jpg\",\"width\":1024,\"height\":1024,\"caption\":\"Handwoven wool sweater with fringes\"},{\"@type\":\"BreadcrumbList\",\"@id\":\"https:\/\/www.helenaelisabeth.se\/sustainability\/#breadcrumb\",\"itemListElement\":[{\"@type\":\"ListItem\",\"position\":1,\"name\":\"Home\",\"item\":\"https:\/\/www.helenaelisabeth.se\/\"},{\"@type\":\"ListItem\",\"position\":2,\"name\":\"H\u00e5llbarhet\"}]},{\"@type\":\"WebSite\",\"@id\":\"https:\/\/www.helenaelisabeth.se\/#website\",\"url\":\"https:\/\/www.helenaelisabeth.se\/\",\"name\":\"HELENAELISABETH\",\"description\":\"B\u00e4r ett hantverk\",\"publisher\":{\"@id\":\"https:\/\/www.helenaelisabeth.se\/#organization\"},\"potentialAction\":[{\"@type\":\"SearchAction\",\"target\":{\"@type\":\"EntryPoint\",\"urlTemplate\":\"https:\/\/www.helenaelisabeth.se\/?s={search_term_string}\"},\"query-input\":{\"@type\":\"PropertyValueSpecification\",\"valueRequired\":true,\"valueName\":\"search_term_string\"}}],\"inLanguage\":\"en-GB\"},{\"@type\":\"Organization\",\"@id\":\"https:\/\/www.helenaelisabeth.se\/#organization\",\"name\":\"HELENAELISABETH\",\"url\":\"https:\/\/www.helenaelisabeth.se\/\",\"logo\":{\"@type\":\"ImageObject\",\"inLanguage\":\"en-GB\",\"@id\":\"https:\/\/www.helenaelisabeth.se\/#\/schema\/logo\/image\/\",\"url\":\"https:\/\/www.helenaelisabeth.se\/wp-content\/uploads\/2025\/01\/Logga-liten.png\",\"contentUrl\":\"https:\/\/www.helenaelisabeth.se\/wp-content\/uploads\/2025\/01\/Logga-liten.png\",\"width\":768,\"height\":76,\"caption\":\"HELENAELISABETH\"},\"image\":{\"@id\":\"https:\/\/www.helenaelisabeth.se\/#\/schema\/logo\/image\/\"},\"sameAs\":[\"https:\/\/www.instagram.com\/helenaelisabeth.se\/\"]}]}<\/script>\n<!-- \/ Yoast SEO plugin. -->","yoast_head_json":{"title":"H\u00e5llbarhet | HELENAELISABETH","robots":{"index":"index","follow":"follow","max-snippet":"max-snippet:-1","max-image-preview":"max-image-preview:large","max-video-preview":"max-video-preview:-1"},"canonical":"https:\/\/www.helenaelisabeth.se\/en\/sustainability\/","og_locale":"en_GB","og_type":"article","og_title":"H\u00e5llbarhet | HELENAELISABETH","og_description":"Tidl\u00f6sa plagg Mina plagg \u00e4r av h\u00f6g kvalitet i naturliga material, designade f\u00f6r att kunna b\u00e4ras under l\u00e5ng tid.\u00a0Jag tror att tidl\u00f6sa plagg \u00e4r olika plagg fr\u00e5n person till person. Att det ist\u00e4llet handlar om att hitta sin stil.\u00a0Att det \u00e4r de plagg som vi k\u00e4nner oss lyfta och st\u00e4rkta av, och som uttrycker vilka [&hellip;]","og_url":"https:\/\/www.helenaelisabeth.se\/en\/sustainability\/","og_site_name":"HELENAELISABETH","article_modified_time":"2026-03-11T10:47:12+00:00","og_image":[{"width":1024,"height":1024,"url":"https:\/\/www.helenaelisabeth.se\/wp-content\/uploads\/2025\/02\/w6_HelenaElizabeth2024-1403-edited-1.jpg","type":"image\/jpeg"}],"twitter_card":"summary_large_image","twitter_misc":{"Estimated reading time":"2 minutes"},"schema":{"@context":"https:\/\/schema.org","@graph":[{"@type":"WebPage","@id":"https:\/\/www.helenaelisabeth.se\/sustainability\/","url":"https:\/\/www.helenaelisabeth.se\/sustainability\/","name":"H\u00e5llbarhet | HELENAELISABETH","isPartOf":{"@id":"https:\/\/www.helenaelisabeth.se\/#website"},"primaryImageOfPage":{"@id":"https:\/\/www.helenaelisabeth.se\/sustainability\/#primaryimage"},"image":{"@id":"https:\/\/www.helenaelisabeth.se\/sustainability\/#primaryimage"},"thumbnailUrl":"https:\/\/www.helenaelisabeth.se\/wp-content\/uploads\/2025\/02\/w6_HelenaElizabeth2024-1403-edited-1.jpg","datePublished":"2025-02-21T13:03:58+00:00","dateModified":"2026-03-11T10:47:12+00:00","breadcrumb":{"@id":"https:\/\/www.helenaelisabeth.se\/sustainability\/#breadcrumb"},"inLanguage":"en-GB","potentialAction":[{"@type":"ReadAction","target":["https:\/\/www.helenaelisabeth.se\/sustainability\/"]}]},{"@type":"ImageObject","inLanguage":"en-GB","@id":"https:\/\/www.helenaelisabeth.se\/sustainability\/#primaryimage","url":"https:\/\/www.helenaelisabeth.se\/wp-content\/uploads\/2025\/02\/w6_HelenaElizabeth2024-1403-edited-1.jpg","contentUrl":"https:\/\/www.helenaelisabeth.se\/wp-content\/uploads\/2025\/02\/w6_HelenaElizabeth2024-1403-edited-1.jpg","width":1024,"height":1024,"caption":"Handwoven wool sweater with fringes"},{"@type":"BreadcrumbList","@id":"https:\/\/www.helenaelisabeth.se\/sustainability\/#breadcrumb","itemListElement":[{"@type":"ListItem","position":1,"name":"Home","item":"https:\/\/www.helenaelisabeth.se\/"},{"@type":"ListItem","position":2,"name":"H\u00e5llbarhet"}]},{"@type":"WebSite","@id":"https:\/\/www.helenaelisabeth.se\/#website","url":"https:\/\/www.helenaelisabeth.se\/","name":"HELENAELISABETH","description":"B\u00e4r ett hantverk","publisher":{"@id":"https:\/\/www.helenaelisabeth.se\/#organization"},"potentialAction":[{"@type":"SearchAction","target":{"@type":"EntryPoint","urlTemplate":"https:\/\/www.helenaelisabeth.se\/?s={search_term_string}"},"query-input":{"@type":"PropertyValueSpecification","valueRequired":true,"valueName":"search_term_string"}}],"inLanguage":"en-GB"},{"@type":"Organization","@id":"https:\/\/www.helenaelisabeth.se\/#organization","name":"HELENAELISABETH","url":"https:\/\/www.helenaelisabeth.se\/","logo":{"@type":"ImageObject","inLanguage":"en-GB","@id":"https:\/\/www.helenaelisabeth.se\/#\/schema\/logo\/image\/","url":"https:\/\/www.helenaelisabeth.se\/wp-content\/uploads\/2025\/01\/Logga-liten.png","contentUrl":"https:\/\/www.helenaelisabeth.se\/wp-content\/uploads\/2025\/01\/Logga-liten.png","width":768,"height":76,"caption":"HELENAELISABETH"},"image":{"@id":"https:\/\/www.helenaelisabeth.se\/#\/schema\/logo\/image\/"},"sameAs":["https:\/\/www.instagram.com\/helenaelisabeth.se\/"]}]}},"_links":{"self":[{"href":"https:\/\/www.helenaelisabeth.se\/en\/wp-json\/wp\/v2\/pages\/947","targetHints":{"allow":["GET"]}}],"collection":[{"href":"https:\/\/www.helenaelisabeth.se\/en\/wp-json\/wp\/v2\/pages"}],"about":[{"href":"https:\/\/www.helenaelisabeth.se\/en\/wp-json\/wp\/v2\/types\/page"}],"author":[{"embeddable":true,"href":"https:\/\/www.helenaelisabeth.se\/en\/wp-json\/wp\/v2\/users\/1"}],"replies":[{"embeddable":true,"href":"https:\/\/www.helenaelisabeth.se\/en\/wp-json\/wp\/v2\/comments?post=947"}],"version-history":[{"count":5,"href":"https:\/\/www.helenaelisabeth.se\/en\/wp-json\/wp\/v2\/pages\/947\/revisions"}],"predecessor-version":[{"id":2292,"href":"https:\/\/www.helenaelisabeth.se\/en\/wp-json\/wp\/v2\/pages\/947\/revisions\/2292"}],"wp:featuredmedia":[{"embeddable":true,"href":"https:\/\/www.helenaelisabeth.se\/en\/wp-json\/wp\/v2\/media\/1167"}],"wp:attachment":[{"href":"https:\/\/www.helenaelisabeth.se\/en\/wp-json\/wp\/v2\/media?parent=947"}],"curies":[{"name":"wp","href":"https:\/\/api.w.org\/{rel}","templated":true}]}}