{"id":950,"date":"2025-02-21T14:07:19","date_gmt":"2025-02-21T13:07:19","guid":{"rendered":"https:\/\/www.helenaelisabeth.se\/?page_id=950"},"modified":"2026-03-17T13:11:14","modified_gmt":"2026-03-17T12:11:14","slug":"home","status":"publish","type":"page","link":"https:\/\/www.helenaelisabeth.se\/en\/","title":{"rendered":"B\u00e4r ett hantverk"},"content":{"rendered":"\n<div style=\"height:15px\" aria-hidden=\"true\" class=\"wp-block-spacer\"><\/div>\n\n\n\n<div class=\"wp-block-getwid-media-text-slider wp-block-getwid-media-text-slider--current-slide-1 has-arrows-outside has-dots-outside\" data-labels=\"[&quot;Slide 1&quot;,&quot;Slide 2&quot;,&quot;Slide 3&quot;]\" data-animation=\"fadeIn\" data-duration=\"1500ms\" data-delay=\"0ms\"><div class=\"wp-block-getwid-media-text-slider__slides-wrapper\"><div class=\"wp-block-getwid-media-text-slider__content\" data-slide-autoplay=\"true\" data-slide-pause-on-hover=\"true\" data-slide-autoplay-speed=\"5000\" data-slide-speed=\"1000\" data-infinite=\"true\">\n<div style=\"min-height:700px\" class=\"wp-block-getwid-media-text-slider-slide wp-block-getwid-media-text-slider-slide__content-wrapper slide-1\"><div style=\"min-height:700px;align-items:flex-start\" class=\"wp-block-getwid-media-text-slider-slide__content\">\n<div style=\"max-width:1975px\" class=\"wp-block-getwid-media-text-slider-slide-content\"><figure class=\"wp-block-getwid-media-text-slider-slide-content__media\"><img loading=\"lazy\" decoding=\"async\" width=\"1023\" height=\"700\" src=\"https:\/\/www.helenaelisabeth.se\/wp-content\/uploads\/2025\/03\/HelenaElizabeth2024-1049-2-e1742834282490.jpg\" alt=\"Short off-white jacket with tulle skirt\" class=\"wp-block-getwid-media-text-slider-slide-content__image wp-image-1280\" srcset=\"https:\/\/www.helenaelisabeth.se\/wp-content\/uploads\/2025\/03\/HelenaElizabeth2024-1049-2-e1742834282490.jpg 1023w, https:\/\/www.helenaelisabeth.se\/wp-content\/uploads\/2025\/03\/HelenaElizabeth2024-1049-2-e1742834282490-600x411.jpg 600w, https:\/\/www.helenaelisabeth.se\/wp-content\/uploads\/2025\/03\/HelenaElizabeth2024-1049-2-e1742834282490-300x205.jpg 300w, https:\/\/www.helenaelisabeth.se\/wp-content\/uploads\/2025\/03\/HelenaElizabeth2024-1049-2-e1742834282490-768x526.jpg 768w, https:\/\/www.helenaelisabeth.se\/wp-content\/uploads\/2025\/03\/HelenaElizabeth2024-1049-2-e1742834282490-18x12.jpg 18w\" sizes=\"auto, (max-width: 1023px) 100vw, 1023px\" \/><div class=\"wp-block-getwid-media-text-slider-slide-content__media-overlay\" style=\"opacity:0.3\"><\/div><\/figure><div class=\"wp-block-getwid-media-text-slider-slide-content__content\" style=\"color:var(--theme-palette-color-8, #ffffff)\"><div class=\"wp-block-getwid-media-text-slider-slide-content__content-wrapper\">\n<h1 class=\"wp-block-heading\" style=\"font-size:clamp(14px, 0.875rem + ((1vw - 3.2px) * 0.469), 20px);\"><span style=\"color: var(--theme-palette-color-8, #ffffff);\" class=\"stk-highlight\">B\u00e4r ett hantverk.<\/span><\/h1>\n\n\n\n<div style=\"height:15px\" aria-hidden=\"true\" class=\"wp-block-spacer\"><\/div>\n\n\n\n<p style=\"font-size:clamp(14px, 0.875rem + ((1vw - 3.2px) * 0.156), 16px);\">B\u00e4r ett hantverk tillverkat f\u00f6r dig och k\u00e4nn k\u00e4nslan <br>i det plagg, som fr\u00e5n den tunna tr\u00e5den<br>i tyget \u00e4r tillverkat med omsorg<br>om material och detaljer.<\/p>\n\n\n\n<p style=\"font-size:clamp(14px, 0.875rem + ((1vw - 3.2px) * 0.156), 16px);\"><br>I studion i Sm\u00e5land sker en unik och <br>hantverksm\u00e4ssig tillverkning. <br>Fr\u00e5n v\u00e4vning av tyg till design och s\u00f6mnad <br>av genuina plagg.<\/p>\n\n\n\n<div style=\"height:25px\" aria-hidden=\"true\" class=\"wp-block-spacer\"><\/div>\n\n\n\n<div class=\"wp-block-buttons is-layout-flex wp-block-buttons-is-layout-flex\">\n<div class=\"wp-block-button\"><a class=\"wp-block-button__link wp-element-button\" href=\"https:\/\/www.helenaelisabeth.se\/butik\/\">Se kollektionen<\/a><\/div>\n<\/div>\n<\/div><\/div><\/div>\n<\/div><\/div>\n\n\n\n<div style=\"min-height:700px\" class=\"wp-block-getwid-media-text-slider-slide wp-block-getwid-media-text-slider-slide__content-wrapper slide-2\"><div style=\"min-height:700px;align-items:flex-start\" class=\"wp-block-getwid-media-text-slider-slide__content\">\n<div style=\"max-width:1975px\" class=\"wp-block-getwid-media-text-slider-slide-content\"><figure class=\"wp-block-getwid-media-text-slider-slide-content__media\"><img loading=\"lazy\" decoding=\"async\" width=\"1023\" height=\"700\" src=\"https:\/\/www.helenaelisabeth.se\/wp-content\/uploads\/2025\/10\/HelenaElizabeth2024-0760-2-e1760355896504.jpg\" alt=\"Clara coat with long sleeves\" class=\"wp-block-getwid-media-text-slider-slide-content__image wp-image-2017\" srcset=\"https:\/\/www.helenaelisabeth.se\/wp-content\/uploads\/2025\/10\/HelenaElizabeth2024-0760-2-e1760355896504.jpg 1023w, https:\/\/www.helenaelisabeth.se\/wp-content\/uploads\/2025\/10\/HelenaElizabeth2024-0760-2-e1760355896504-600x411.jpg 600w, https:\/\/www.helenaelisabeth.se\/wp-content\/uploads\/2025\/10\/HelenaElizabeth2024-0760-2-e1760355896504-768x526.jpg 768w, https:\/\/www.helenaelisabeth.se\/wp-content\/uploads\/2025\/10\/HelenaElizabeth2024-0760-2-e1760355896504-18x12.jpg 18w, https:\/\/www.helenaelisabeth.se\/wp-content\/uploads\/2025\/10\/HelenaElizabeth2024-0760-2-e1760355896504-300x205.jpg 300w\" sizes=\"auto, (max-width: 1023px) 100vw, 1023px\" \/><div class=\"wp-block-getwid-media-text-slider-slide-content__media-overlay\" style=\"opacity:0.3\"><\/div><\/figure><div class=\"wp-block-getwid-media-text-slider-slide-content__content\" style=\"color:var(--theme-palette-color-8, #ffffff)\"><div class=\"wp-block-getwid-media-text-slider-slide-content__content-wrapper\">\n<h2 class=\"wp-block-heading\" style=\"font-size:clamp(14px, 0.875rem + ((1vw - 3.2px) * 0.469), 20px);\"><span style=\"color: var(--theme-palette-color-8, #ffffff);\" class=\"stk-highlight\">B\u00e4r ett hantverk.<\/span><\/h2>\n\n\n\n<div style=\"height:15px\" aria-hidden=\"true\" class=\"wp-block-spacer\"><\/div>\n\n\n\n<p style=\"font-size:clamp(14px, 0.875rem + ((1vw - 3.2px) * 0.156), 16px);\">B\u00e4r ett hantverk tillverkat f\u00f6r dig och k\u00e4nn k\u00e4nslan <br>i det plagg, som fr\u00e5n den tunna tr\u00e5den<br>i tyget \u00e4r tillverkat med omsorg<br>om material och detaljer.<\/p>\n\n\n\n<p style=\"font-size:clamp(14px, 0.875rem + ((1vw - 3.2px) * 0.156), 16px);\"><br>I studion i Sm\u00e5land sker en unik och <br>hantverksm\u00e4ssig tillverkning. <br>Fr\u00e5n v\u00e4vning av tyg till design och s\u00f6mnad <br>av genuina plagg.<\/p>\n\n\n\n<div style=\"height:25px\" aria-hidden=\"true\" class=\"wp-block-spacer\"><\/div>\n\n\n\n<div class=\"wp-block-buttons is-layout-flex wp-block-buttons-is-layout-flex\">\n<div class=\"wp-block-button\"><a class=\"wp-block-button__link wp-element-button\" href=\"https:\/\/www.helenaelisabeth.se\/butik\/\">Se kollektionen<\/a><\/div>\n<\/div>\n<\/div><\/div><\/div>\n<\/div><\/div>\n\n\n\n<div style=\"min-height:700px\" class=\"wp-block-getwid-media-text-slider-slide wp-block-getwid-media-text-slider-slide__content-wrapper slide-3\"><div style=\"min-height:700px;align-items:flex-start\" class=\"wp-block-getwid-media-text-slider-slide__content\">\n<div style=\"max-width:1975px\" class=\"wp-block-getwid-media-text-slider-slide-content\"><figure class=\"wp-block-getwid-media-text-slider-slide-content__media\"><img loading=\"lazy\" decoding=\"async\" width=\"1023\" height=\"700\" src=\"https:\/\/www.helenaelisabeth.se\/wp-content\/uploads\/2025\/10\/HelenaElizabeth2024-0204-2-e1761567314297.jpg\" alt=\"Eve shirt back\" class=\"wp-block-getwid-media-text-slider-slide-content__image wp-image-2161\" srcset=\"https:\/\/www.helenaelisabeth.se\/wp-content\/uploads\/2025\/10\/HelenaElizabeth2024-0204-2-e1761567314297.jpg 1023w, https:\/\/www.helenaelisabeth.se\/wp-content\/uploads\/2025\/10\/HelenaElizabeth2024-0204-2-e1761567314297-600x411.jpg 600w, https:\/\/www.helenaelisabeth.se\/wp-content\/uploads\/2025\/10\/HelenaElizabeth2024-0204-2-e1761567314297-768x526.jpg 768w, https:\/\/www.helenaelisabeth.se\/wp-content\/uploads\/2025\/10\/HelenaElizabeth2024-0204-2-e1761567314297-18x12.jpg 18w, https:\/\/www.helenaelisabeth.se\/wp-content\/uploads\/2025\/10\/HelenaElizabeth2024-0204-2-e1761567314297-300x205.jpg 300w\" sizes=\"auto, (max-width: 1023px) 100vw, 1023px\" \/><div class=\"wp-block-getwid-media-text-slider-slide-content__media-overlay\" style=\"opacity:0.3\"><\/div><\/figure><div class=\"wp-block-getwid-media-text-slider-slide-content__content\" style=\"color:var(--theme-palette-color-8, #ffffff)\"><div class=\"wp-block-getwid-media-text-slider-slide-content__content-wrapper\">\n<h2 class=\"wp-block-heading\" style=\"font-size:clamp(14px, 0.875rem + ((1vw - 3.2px) * 0.469), 20px);\"><span style=\"color: var(--theme-palette-color-8, #ffffff);\" class=\"stk-highlight\">B\u00e4r ett hantverk.<\/span><\/h2>\n\n\n\n<div style=\"height:15px\" aria-hidden=\"true\" class=\"wp-block-spacer\"><\/div>\n\n\n\n<p style=\"font-size:clamp(14px, 0.875rem + ((1vw - 3.2px) * 0.156), 16px);\">B\u00e4r ett hantverk tillverkat f\u00f6r dig och k\u00e4nn k\u00e4nslan <br>i det plagg, som fr\u00e5n den tunna tr\u00e5den<br>i tyget \u00e4r tillverkat med omsorg<br>om material och detaljer.<\/p>\n\n\n\n<p style=\"font-size:clamp(14px, 0.875rem + ((1vw - 3.2px) * 0.156), 16px);\"><br>I studion i Sm\u00e5land sker en unik och <br>hantverksm\u00e4ssig tillverkning. <br>Fr\u00e5n v\u00e4vning av tyg till design och s\u00f6mnad <br>av genuina plagg.<\/p>\n\n\n\n<div style=\"height:25px\" aria-hidden=\"true\" class=\"wp-block-spacer\"><\/div>\n\n\n\n<div class=\"wp-block-buttons is-layout-flex wp-block-buttons-is-layout-flex\">\n<div class=\"wp-block-button\"><a class=\"wp-block-button__link wp-element-button\" href=\"https:\/\/www.helenaelisabeth.se\/butik\/\">Se kollektionen<\/a><\/div>\n<\/div>\n<\/div><\/div><\/div>\n<\/div><\/div>\n<\/div><\/div><\/div>\n\n\n\n<div style=\"height:100px\" aria-hidden=\"true\" class=\"wp-block-spacer\"><\/div>\n","protected":false},"excerpt":{"rendered":"","protected":false},"author":1,"featured_media":1280,"parent":0,"menu_order":0,"comment_status":"closed","ping_status":"closed","template":"","meta":{"_monsterinsights_skip_tracking":false,"_monsterinsights_sitenote_active":false,"_monsterinsights_sitenote_note":"","_monsterinsights_sitenote_category":0,"footnotes":""},"class_list":["post-950","page","type-page","status-publish","has-post-thumbnail","hentry"],"blocksy_meta":{"has_hero_section":"disabled","hero_elements":[{"id":"custom_title","enabled":true,"heading_tag":"h1","title":"Home","__id":"W6vFoQSIWpDlpXrvMuOD4"},{"id":"custom_description","enabled":true,"description_visibility":{"desktop":true,"tablet":true,"mobile":false},"__id":"bPOSVosBQIGCLMtxPYVo4","hero_item_spacing":"20","hero_item_max_width":"62"},{"id":"custom_meta","enabled":false,"meta_elements":[{"id":"author","enabled":true,"label":"By","has_author_avatar":"yes","avatar_size":25},{"id":"post_date","enabled":true,"label":"On","date_format_source":"default","date_format":"M j, Y"},{"id":"updated_date","enabled":false,"label":"On","date_format_source":"default","date_format":"M j, Y"},{"id":"categories","enabled":false,"label":"In","style":"simple"},{"id":"comments","enabled":true}],"page_meta_elements":{"joined":true,"articles_count":true,"comments":true},"__id":"qyxtWsTzdOtsj1rQ1VkyE"},{"id":"breadcrumbs","enabled":false,"__id":"PIiuphkjE6pQxnuFSsdH4"}],"hero_alignment1":"left","styles_descriptor":{"styles":{"desktop":"","tablet":"","mobile":""},"google_fonts":[],"version":6}},"yoast_head":"<!-- This site is optimized with the Yoast SEO plugin v27.4 - https:\/\/yoast.com\/product\/yoast-seo-wordpress\/ -->\n<title>B\u00e4r ett hantverk | HELENAELISABETH<\/title>\n<meta name=\"robots\" content=\"index, follow, max-snippet:-1, max-image-preview:large, max-video-preview:-1\" \/>\n<link rel=\"canonical\" href=\"https:\/\/www.helenaelisabeth.se\/en\/\" \/>\n<meta property=\"og:locale\" content=\"en_GB\" \/>\n<meta property=\"og:type\" content=\"article\" \/>\n<meta property=\"og:title\" content=\"B\u00e4r ett hantverk | HELENAELISABETH\" \/>\n<meta property=\"og:url\" content=\"https:\/\/www.helenaelisabeth.se\/en\/\" \/>\n<meta property=\"og:site_name\" content=\"HELENAELISABETH\" \/>\n<meta property=\"article:modified_time\" content=\"2026-03-17T12:11:14+00:00\" \/>\n<meta property=\"og:image\" content=\"https:\/\/www.helenaelisabeth.se\/wp-content\/uploads\/2025\/03\/HelenaElizabeth2024-1049-2-e1742834282490.jpg\" \/>\n\t<meta property=\"og:image:width\" content=\"1023\" \/>\n\t<meta property=\"og:image:height\" content=\"700\" \/>\n\t<meta property=\"og:image:type\" content=\"image\/jpeg\" \/>\n<meta name=\"twitter:card\" content=\"summary_large_image\" \/>\n<meta name=\"twitter:label1\" content=\"Estimated reading time\" \/>\n\t<meta name=\"twitter:data1\" content=\"2 minutes\" \/>\n<script type=\"application\/ld+json\" class=\"yoast-schema-graph\">{\"@context\":\"https:\\\/\\\/schema.org\",\"@graph\":[{\"@type\":\"WebPage\",\"@id\":\"https:\\\/\\\/www.helenaelisabeth.se\\\/\",\"url\":\"https:\\\/\\\/www.helenaelisabeth.se\\\/\",\"name\":\"B\u00e4r ett hantverk | HELENAELISABETH\",\"isPartOf\":{\"@id\":\"https:\\\/\\\/www.helenaelisabeth.se\\\/#website\"},\"primaryImageOfPage\":{\"@id\":\"https:\\\/\\\/www.helenaelisabeth.se\\\/#primaryimage\"},\"image\":{\"@id\":\"https:\\\/\\\/www.helenaelisabeth.se\\\/#primaryimage\"},\"thumbnailUrl\":\"https:\\\/\\\/www.helenaelisabeth.se\\\/wp-content\\\/uploads\\\/2025\\\/03\\\/HelenaElizabeth2024-1049-2-e1742834282490.jpg\",\"datePublished\":\"2025-02-21T13:07:19+00:00\",\"dateModified\":\"2026-03-17T12:11:14+00:00\",\"breadcrumb\":{\"@id\":\"https:\\\/\\\/www.helenaelisabeth.se\\\/#breadcrumb\"},\"inLanguage\":\"en-GB\",\"potentialAction\":[{\"@type\":\"ReadAction\",\"target\":[\"https:\\\/\\\/www.helenaelisabeth.se\\\/\"]}]},{\"@type\":\"ImageObject\",\"inLanguage\":\"en-GB\",\"@id\":\"https:\\\/\\\/www.helenaelisabeth.se\\\/#primaryimage\",\"url\":\"https:\\\/\\\/www.helenaelisabeth.se\\\/wp-content\\\/uploads\\\/2025\\\/03\\\/HelenaElizabeth2024-1049-2-e1742834282490.jpg\",\"contentUrl\":\"https:\\\/\\\/www.helenaelisabeth.se\\\/wp-content\\\/uploads\\\/2025\\\/03\\\/HelenaElizabeth2024-1049-2-e1742834282490.jpg\",\"width\":1023,\"height\":700,\"caption\":\"Short off-white jacket with tulle skirt\"},{\"@type\":\"BreadcrumbList\",\"@id\":\"https:\\\/\\\/www.helenaelisabeth.se\\\/#breadcrumb\",\"itemListElement\":[{\"@type\":\"ListItem\",\"position\":1,\"name\":\"Home\",\"item\":\"https:\\\/\\\/www.helenaelisabeth.se\\\/\"},{\"@type\":\"ListItem\",\"position\":2,\"name\":\"B\u00e4r ett hantverk\"}]},{\"@type\":\"WebSite\",\"@id\":\"https:\\\/\\\/www.helenaelisabeth.se\\\/#website\",\"url\":\"https:\\\/\\\/www.helenaelisabeth.se\\\/\",\"name\":\"HELENAELISABETH\",\"description\":\"B\u00e4r ett hantverk\",\"publisher\":{\"@id\":\"https:\\\/\\\/www.helenaelisabeth.se\\\/#organization\"},\"potentialAction\":[{\"@type\":\"SearchAction\",\"target\":{\"@type\":\"EntryPoint\",\"urlTemplate\":\"https:\\\/\\\/www.helenaelisabeth.se\\\/?s={search_term_string}\"},\"query-input\":{\"@type\":\"PropertyValueSpecification\",\"valueRequired\":true,\"valueName\":\"search_term_string\"}}],\"inLanguage\":\"en-GB\"},{\"@type\":\"Organization\",\"@id\":\"https:\\\/\\\/www.helenaelisabeth.se\\\/#organization\",\"name\":\"HELENAELISABETH\",\"url\":\"https:\\\/\\\/www.helenaelisabeth.se\\\/\",\"logo\":{\"@type\":\"ImageObject\",\"inLanguage\":\"en-GB\",\"@id\":\"https:\\\/\\\/www.helenaelisabeth.se\\\/#\\\/schema\\\/logo\\\/image\\\/\",\"url\":\"https:\\\/\\\/www.helenaelisabeth.se\\\/wp-content\\\/uploads\\\/2025\\\/01\\\/Logga-liten.png\",\"contentUrl\":\"https:\\\/\\\/www.helenaelisabeth.se\\\/wp-content\\\/uploads\\\/2025\\\/01\\\/Logga-liten.png\",\"width\":768,\"height\":76,\"caption\":\"HELENAELISABETH\"},\"image\":{\"@id\":\"https:\\\/\\\/www.helenaelisabeth.se\\\/#\\\/schema\\\/logo\\\/image\\\/\"},\"sameAs\":[\"https:\\\/\\\/www.instagram.com\\\/helenaelisabeth.se\\\/\"]}]}<\/script>\n<!-- \/ Yoast SEO plugin. -->","yoast_head_json":{"title":"B\u00e4r ett hantverk | HELENAELISABETH","robots":{"index":"index","follow":"follow","max-snippet":"max-snippet:-1","max-image-preview":"max-image-preview:large","max-video-preview":"max-video-preview:-1"},"canonical":"https:\/\/www.helenaelisabeth.se\/en\/","og_locale":"en_GB","og_type":"article","og_title":"B\u00e4r ett hantverk | HELENAELISABETH","og_url":"https:\/\/www.helenaelisabeth.se\/en\/","og_site_name":"HELENAELISABETH","article_modified_time":"2026-03-17T12:11:14+00:00","og_image":[{"width":1023,"height":700,"url":"https:\/\/www.helenaelisabeth.se\/wp-content\/uploads\/2025\/03\/HelenaElizabeth2024-1049-2-e1742834282490.jpg","type":"image\/jpeg"}],"twitter_card":"summary_large_image","twitter_misc":{"Estimated reading time":"2 minutes"},"schema":{"@context":"https:\/\/schema.org","@graph":[{"@type":"WebPage","@id":"https:\/\/www.helenaelisabeth.se\/","url":"https:\/\/www.helenaelisabeth.se\/","name":"B\u00e4r ett hantverk | HELENAELISABETH","isPartOf":{"@id":"https:\/\/www.helenaelisabeth.se\/#website"},"primaryImageOfPage":{"@id":"https:\/\/www.helenaelisabeth.se\/#primaryimage"},"image":{"@id":"https:\/\/www.helenaelisabeth.se\/#primaryimage"},"thumbnailUrl":"https:\/\/www.helenaelisabeth.se\/wp-content\/uploads\/2025\/03\/HelenaElizabeth2024-1049-2-e1742834282490.jpg","datePublished":"2025-02-21T13:07:19+00:00","dateModified":"2026-03-17T12:11:14+00:00","breadcrumb":{"@id":"https:\/\/www.helenaelisabeth.se\/#breadcrumb"},"inLanguage":"en-GB","potentialAction":[{"@type":"ReadAction","target":["https:\/\/www.helenaelisabeth.se\/"]}]},{"@type":"ImageObject","inLanguage":"en-GB","@id":"https:\/\/www.helenaelisabeth.se\/#primaryimage","url":"https:\/\/www.helenaelisabeth.se\/wp-content\/uploads\/2025\/03\/HelenaElizabeth2024-1049-2-e1742834282490.jpg","contentUrl":"https:\/\/www.helenaelisabeth.se\/wp-content\/uploads\/2025\/03\/HelenaElizabeth2024-1049-2-e1742834282490.jpg","width":1023,"height":700,"caption":"Short off-white jacket with tulle skirt"},{"@type":"BreadcrumbList","@id":"https:\/\/www.helenaelisabeth.se\/#breadcrumb","itemListElement":[{"@type":"ListItem","position":1,"name":"Home","item":"https:\/\/www.helenaelisabeth.se\/"},{"@type":"ListItem","position":2,"name":"B\u00e4r ett hantverk"}]},{"@type":"WebSite","@id":"https:\/\/www.helenaelisabeth.se\/#website","url":"https:\/\/www.helenaelisabeth.se\/","name":"HELENAELISABETH","description":"B\u00e4r ett hantverk","publisher":{"@id":"https:\/\/www.helenaelisabeth.se\/#organization"},"potentialAction":[{"@type":"SearchAction","target":{"@type":"EntryPoint","urlTemplate":"https:\/\/www.helenaelisabeth.se\/?s={search_term_string}"},"query-input":{"@type":"PropertyValueSpecification","valueRequired":true,"valueName":"search_term_string"}}],"inLanguage":"en-GB"},{"@type":"Organization","@id":"https:\/\/www.helenaelisabeth.se\/#organization","name":"HELENAELISABETH","url":"https:\/\/www.helenaelisabeth.se\/","logo":{"@type":"ImageObject","inLanguage":"en-GB","@id":"https:\/\/www.helenaelisabeth.se\/#\/schema\/logo\/image\/","url":"https:\/\/www.helenaelisabeth.se\/wp-content\/uploads\/2025\/01\/Logga-liten.png","contentUrl":"https:\/\/www.helenaelisabeth.se\/wp-content\/uploads\/2025\/01\/Logga-liten.png","width":768,"height":76,"caption":"HELENAELISABETH"},"image":{"@id":"https:\/\/www.helenaelisabeth.se\/#\/schema\/logo\/image\/"},"sameAs":["https:\/\/www.instagram.com\/helenaelisabeth.se\/"]}]}},"_links":{"self":[{"href":"https:\/\/www.helenaelisabeth.se\/en\/wp-json\/wp\/v2\/pages\/950","targetHints":{"allow":["GET"]}}],"collection":[{"href":"https:\/\/www.helenaelisabeth.se\/en\/wp-json\/wp\/v2\/pages"}],"about":[{"href":"https:\/\/www.helenaelisabeth.se\/en\/wp-json\/wp\/v2\/types\/page"}],"author":[{"embeddable":true,"href":"https:\/\/www.helenaelisabeth.se\/en\/wp-json\/wp\/v2\/users\/1"}],"replies":[{"embeddable":true,"href":"https:\/\/www.helenaelisabeth.se\/en\/wp-json\/wp\/v2\/comments?post=950"}],"version-history":[{"count":5,"href":"https:\/\/www.helenaelisabeth.se\/en\/wp-json\/wp\/v2\/pages\/950\/revisions"}],"predecessor-version":[{"id":2341,"href":"https:\/\/www.helenaelisabeth.se\/en\/wp-json\/wp\/v2\/pages\/950\/revisions\/2341"}],"wp:featuredmedia":[{"embeddable":true,"href":"https:\/\/www.helenaelisabeth.se\/en\/wp-json\/wp\/v2\/media\/1280"}],"wp:attachment":[{"href":"https:\/\/www.helenaelisabeth.se\/en\/wp-json\/wp\/v2\/media?parent=950"}],"curies":[{"name":"wp","href":"https:\/\/api.w.org\/{rel}","templated":true}]}}