{"id":684,"date":"2025-01-21T17:02:52","date_gmt":"2025-01-21T16:02:52","guid":{"rendered":"https:\/\/www.helenaelisabeth.se\/?post_type=product&#038;p=684"},"modified":"2026-03-12T10:33:07","modified_gmt":"2026-03-12T09:33:07","slug":"wera-wool-sweater-with-fringes","status":"publish","type":"product","link":"https:\/\/www.helenaelisabeth.se\/en\/product\/wera-wool-sweater-with-fringes\/","title":{"rendered":"WERA \u2013 HANDV\u00c4VD ULLTR\u00d6JA MED FRANSAR"},"content":{"rendered":"<p><strong>SIZE GUIDE<\/strong> \u00b7 Our size guide is under development and can be found <a href=\"https:\/\/www.helenaelisabeth.se\/en\/sizeguide-2\/\"><strong>here<\/strong><\/a>. If you are not sure which size to choose, please send an email and we will contact you for guidance. You can also send us an email to order fabric samples.\u00a0<\/p>\r\n<p>Note: This garment is already produced and only available in size S\/M.<\/p>\r\n\r\n\r\n\r\n<div class=\"wp-block-buttons is-layout-flex wp-block-buttons-is-layout-flex\">\r\n<div class=\"wp-block-button\"><a class=\"wp-block-button__link wp-element-button\" href=\"mailto:info@helenaelisabeth.se\">Send email for advice<\/a><\/div>\r\n<\/div>\r\n\r\n\r\n\r\n<div class=\"wp-block-spacer\" style=\"height: 15px;\" aria-hidden=\"true\">\u00a0<\/div>\r\n\r\n\r\n\r\n<p><strong>MATERIAL<\/strong> \u00b7 100% wool<\/p>\r\n\r\n\r\n\r\n<div class=\"wp-block-spacer\" style=\"height: 15px;\" aria-hidden=\"true\">\u00a0<\/div>\r\n\r\n\r\n\r\n<p><strong>GARMENT CARE<\/strong> \u00b7<\/p>\r\n\r\n\r\n\r\n<p>Wool is a natural self-cleaning material and does not need to be washed very often.<\/p>\r\n\r\n\r\n\r\n<p>Air the garment outdoors, also preferably in damp weather, and the garment will regain its elasticity and natural scent. If there is a stain, try to remove the stain by taking lukewarm water and a little mild detergent on a towel and press or dab the stain until it disappears, finishing with just water on the towel.When needed, the entire garment can be washed by hand or in the washing machine&#8217;s wool program 30\u00b0. Roll the garment in a towel and squeeze out excess water, gently stretch the garment if it has shrunk a little, let dry lying flat.<\/p>\r\n\r\n\r\n\r\n<div class=\"wp-block-spacer\" style=\"height: 15px;\" aria-hidden=\"true\">\u00a0<\/div>\r\n\r\n\r\n\r\n<p><strong>MADE IN<\/strong> \u00b7 Made in the studio in Sm\u00e5land, Sweden.<\/p>\r\n\r\n\r\n\r\n<p>Swedish wool from Filtmakeriet, Kilafors.<\/p>\r\n\r\n\r\n\r\n<div class=\"wp-block-spacer\" style=\"height: 15px;\" aria-hidden=\"true\">\u00a0<\/div>\r\n\r\n\r\n\r\n<p><strong>DELIVERY TIME<\/strong> \u00b7 Expected delivery time is 4-6 days. After we have received the order we will return with a confirmed delivery time.<\/p>","protected":false},"excerpt":{"rendered":"<p>En handv\u00e4vd ulltr\u00f6ja med en v\u00e4vd kypertstruktur och fransar.<\/p>\n<p>R\u00e5a kanter \u00e4r f\u00f6rst\u00e4rkta med band. V\u00e4vd i 100% svensk ull.<\/p>","protected":false},"featured_media":685,"template":"","meta":{"_monsterinsights_skip_tracking":false,"_monsterinsights_sitenote_active":false,"_monsterinsights_sitenote_note":"","_monsterinsights_sitenote_category":0},"product_brand":[],"product_cat":[69],"product_tag":[],"class_list":{"0":"post-684","1":"product","2":"type-product","3":"status-publish","4":"has-post-thumbnail","6":"product_cat-one-of-a-kind","8":"first","9":"instock","10":"taxable","11":"shipping-taxable","12":"purchasable","13":"product-type-variable"},"yoast_head":"<!-- This site is optimized with the Yoast SEO plugin v27.1.1 - https:\/\/yoast.com\/product\/yoast-seo-wordpress\/ -->\n<title>WERA \u2013 HANDV\u00c4VD ULLTR\u00d6JA MED FRANSAR | HELENAELISABETH<\/title>\n<meta name=\"robots\" content=\"index, follow, max-snippet:-1, max-image-preview:large, max-video-preview:-1\" \/>\n<link rel=\"canonical\" href=\"https:\/\/www.helenaelisabeth.se\/en\/product\/wera-wool-sweater-with-fringes\/\" \/>\n<meta property=\"og:locale\" content=\"en_GB\" \/>\n<meta property=\"og:type\" content=\"article\" \/>\n<meta property=\"og:title\" content=\"WERA \u2013 HANDV\u00c4VD ULLTR\u00d6JA MED FRANSAR | HELENAELISABETH\" \/>\n<meta property=\"og:description\" content=\"En handv\u00e4vd ulltr\u00f6ja med en v\u00e4vd kypertstruktur och fransar. R\u00e5a kanter \u00e4r f\u00f6rst\u00e4rkta med band. V\u00e4vd i 100% svensk ull.\" \/>\n<meta property=\"og:url\" content=\"https:\/\/www.helenaelisabeth.se\/en\/product\/wera-wool-sweater-with-fringes\/\" \/>\n<meta property=\"og:site_name\" content=\"HELENAELISABETH\" \/>\n<meta property=\"article:modified_time\" content=\"2026-03-12T09:33:07+00:00\" \/>\n<meta property=\"og:image\" content=\"https:\/\/www.helenaelisabeth.se\/wp-content\/uploads\/2025\/01\/w1_HelenaElizabeth2024-1365-2.jpg\" \/>\n\t<meta property=\"og:image:width\" content=\"1024\" \/>\n\t<meta property=\"og:image:height\" content=\"1535\" \/>\n\t<meta property=\"og:image:type\" content=\"image\/jpeg\" \/>\n<meta name=\"twitter:card\" content=\"summary_large_image\" \/>\n<meta name=\"twitter:label1\" content=\"Estimated reading time\" \/>\n\t<meta name=\"twitter:data1\" content=\"2 minutes\" \/>\n<script type=\"application\/ld+json\" class=\"yoast-schema-graph\">{\"@context\":\"https:\/\/schema.org\",\"@graph\":[{\"@type\":\"WebPage\",\"@id\":\"https:\/\/www.helenaelisabeth.se\/produkt\/wera-wool-sweater-with-fringes\/\",\"url\":\"https:\/\/www.helenaelisabeth.se\/produkt\/wera-wool-sweater-with-fringes\/\",\"name\":\"WERA \u2013 HANDV\u00c4VD ULLTR\u00d6JA MED FRANSAR | HELENAELISABETH\",\"isPartOf\":{\"@id\":\"https:\/\/www.helenaelisabeth.se\/#website\"},\"primaryImageOfPage\":{\"@id\":\"https:\/\/www.helenaelisabeth.se\/produkt\/wera-wool-sweater-with-fringes\/#primaryimage\"},\"image\":{\"@id\":\"https:\/\/www.helenaelisabeth.se\/produkt\/wera-wool-sweater-with-fringes\/#primaryimage\"},\"thumbnailUrl\":\"https:\/\/www.helenaelisabeth.se\/wp-content\/uploads\/2025\/01\/w1_HelenaElizabeth2024-1365-2.jpg\",\"datePublished\":\"2025-01-21T16:02:52+00:00\",\"dateModified\":\"2026-03-12T09:33:07+00:00\",\"breadcrumb\":{\"@id\":\"https:\/\/www.helenaelisabeth.se\/produkt\/wera-wool-sweater-with-fringes\/#breadcrumb\"},\"inLanguage\":\"en-GB\",\"potentialAction\":[{\"@type\":\"ReadAction\",\"target\":[\"https:\/\/www.helenaelisabeth.se\/produkt\/wera-wool-sweater-with-fringes\/\"]}]},{\"@type\":\"ImageObject\",\"inLanguage\":\"en-GB\",\"@id\":\"https:\/\/www.helenaelisabeth.se\/produkt\/wera-wool-sweater-with-fringes\/#primaryimage\",\"url\":\"https:\/\/www.helenaelisabeth.se\/wp-content\/uploads\/2025\/01\/w1_HelenaElizabeth2024-1365-2.jpg\",\"contentUrl\":\"https:\/\/www.helenaelisabeth.se\/wp-content\/uploads\/2025\/01\/w1_HelenaElizabeth2024-1365-2.jpg\",\"width\":1024,\"height\":1535,\"caption\":\"Woman wearing sweater with fringes\"},{\"@type\":\"BreadcrumbList\",\"@id\":\"https:\/\/www.helenaelisabeth.se\/produkt\/wera-wool-sweater-with-fringes\/#breadcrumb\",\"itemListElement\":[{\"@type\":\"ListItem\",\"position\":1,\"name\":\"Home\",\"item\":\"https:\/\/www.helenaelisabeth.se\/\"},{\"@type\":\"ListItem\",\"position\":2,\"name\":\"Handla kollektionen\",\"item\":\"https:\/\/www.helenaelisabeth.se\/butik\/\"},{\"@type\":\"ListItem\",\"position\":3,\"name\":\"WERA \u2013 HANDV\u00c4VD ULLTR\u00d6JA MED FRANSAR\"}]},{\"@type\":\"WebSite\",\"@id\":\"https:\/\/www.helenaelisabeth.se\/#website\",\"url\":\"https:\/\/www.helenaelisabeth.se\/\",\"name\":\"HELENAELISABETH\",\"description\":\"B\u00e4r ett hantverk\",\"publisher\":{\"@id\":\"https:\/\/www.helenaelisabeth.se\/#organization\"},\"potentialAction\":[{\"@type\":\"SearchAction\",\"target\":{\"@type\":\"EntryPoint\",\"urlTemplate\":\"https:\/\/www.helenaelisabeth.se\/?s={search_term_string}\"},\"query-input\":{\"@type\":\"PropertyValueSpecification\",\"valueRequired\":true,\"valueName\":\"search_term_string\"}}],\"inLanguage\":\"en-GB\"},{\"@type\":\"Organization\",\"@id\":\"https:\/\/www.helenaelisabeth.se\/#organization\",\"name\":\"HELENAELISABETH\",\"url\":\"https:\/\/www.helenaelisabeth.se\/\",\"logo\":{\"@type\":\"ImageObject\",\"inLanguage\":\"en-GB\",\"@id\":\"https:\/\/www.helenaelisabeth.se\/#\/schema\/logo\/image\/\",\"url\":\"https:\/\/www.helenaelisabeth.se\/wp-content\/uploads\/2025\/01\/Logga-liten.png\",\"contentUrl\":\"https:\/\/www.helenaelisabeth.se\/wp-content\/uploads\/2025\/01\/Logga-liten.png\",\"width\":768,\"height\":76,\"caption\":\"HELENAELISABETH\"},\"image\":{\"@id\":\"https:\/\/www.helenaelisabeth.se\/#\/schema\/logo\/image\/\"},\"sameAs\":[\"https:\/\/www.instagram.com\/helenaelisabeth.se\/\"]}]}<\/script>\n<!-- \/ Yoast SEO plugin. -->","yoast_head_json":{"title":"WERA \u2013 HANDV\u00c4VD ULLTR\u00d6JA MED FRANSAR | HELENAELISABETH","robots":{"index":"index","follow":"follow","max-snippet":"max-snippet:-1","max-image-preview":"max-image-preview:large","max-video-preview":"max-video-preview:-1"},"canonical":"https:\/\/www.helenaelisabeth.se\/en\/product\/wera-wool-sweater-with-fringes\/","og_locale":"en_GB","og_type":"article","og_title":"WERA \u2013 HANDV\u00c4VD ULLTR\u00d6JA MED FRANSAR | HELENAELISABETH","og_description":"En handv\u00e4vd ulltr\u00f6ja med en v\u00e4vd kypertstruktur och fransar. R\u00e5a kanter \u00e4r f\u00f6rst\u00e4rkta med band. V\u00e4vd i 100% svensk ull.","og_url":"https:\/\/www.helenaelisabeth.se\/en\/product\/wera-wool-sweater-with-fringes\/","og_site_name":"HELENAELISABETH","article_modified_time":"2026-03-12T09:33:07+00:00","og_image":[{"width":1024,"height":1535,"url":"https:\/\/www.helenaelisabeth.se\/wp-content\/uploads\/2025\/01\/w1_HelenaElizabeth2024-1365-2.jpg","type":"image\/jpeg"}],"twitter_card":"summary_large_image","twitter_misc":{"Estimated reading time":"2 minutes"},"schema":{"@context":"https:\/\/schema.org","@graph":[{"@type":"WebPage","@id":"https:\/\/www.helenaelisabeth.se\/produkt\/wera-wool-sweater-with-fringes\/","url":"https:\/\/www.helenaelisabeth.se\/produkt\/wera-wool-sweater-with-fringes\/","name":"WERA \u2013 HANDV\u00c4VD ULLTR\u00d6JA MED FRANSAR | HELENAELISABETH","isPartOf":{"@id":"https:\/\/www.helenaelisabeth.se\/#website"},"primaryImageOfPage":{"@id":"https:\/\/www.helenaelisabeth.se\/produkt\/wera-wool-sweater-with-fringes\/#primaryimage"},"image":{"@id":"https:\/\/www.helenaelisabeth.se\/produkt\/wera-wool-sweater-with-fringes\/#primaryimage"},"thumbnailUrl":"https:\/\/www.helenaelisabeth.se\/wp-content\/uploads\/2025\/01\/w1_HelenaElizabeth2024-1365-2.jpg","datePublished":"2025-01-21T16:02:52+00:00","dateModified":"2026-03-12T09:33:07+00:00","breadcrumb":{"@id":"https:\/\/www.helenaelisabeth.se\/produkt\/wera-wool-sweater-with-fringes\/#breadcrumb"},"inLanguage":"en-GB","potentialAction":[{"@type":"ReadAction","target":["https:\/\/www.helenaelisabeth.se\/produkt\/wera-wool-sweater-with-fringes\/"]}]},{"@type":"ImageObject","inLanguage":"en-GB","@id":"https:\/\/www.helenaelisabeth.se\/produkt\/wera-wool-sweater-with-fringes\/#primaryimage","url":"https:\/\/www.helenaelisabeth.se\/wp-content\/uploads\/2025\/01\/w1_HelenaElizabeth2024-1365-2.jpg","contentUrl":"https:\/\/www.helenaelisabeth.se\/wp-content\/uploads\/2025\/01\/w1_HelenaElizabeth2024-1365-2.jpg","width":1024,"height":1535,"caption":"Woman wearing sweater with fringes"},{"@type":"BreadcrumbList","@id":"https:\/\/www.helenaelisabeth.se\/produkt\/wera-wool-sweater-with-fringes\/#breadcrumb","itemListElement":[{"@type":"ListItem","position":1,"name":"Home","item":"https:\/\/www.helenaelisabeth.se\/"},{"@type":"ListItem","position":2,"name":"Handla kollektionen","item":"https:\/\/www.helenaelisabeth.se\/butik\/"},{"@type":"ListItem","position":3,"name":"WERA \u2013 HANDV\u00c4VD ULLTR\u00d6JA MED FRANSAR"}]},{"@type":"WebSite","@id":"https:\/\/www.helenaelisabeth.se\/#website","url":"https:\/\/www.helenaelisabeth.se\/","name":"HELENAELISABETH","description":"B\u00e4r ett hantverk","publisher":{"@id":"https:\/\/www.helenaelisabeth.se\/#organization"},"potentialAction":[{"@type":"SearchAction","target":{"@type":"EntryPoint","urlTemplate":"https:\/\/www.helenaelisabeth.se\/?s={search_term_string}"},"query-input":{"@type":"PropertyValueSpecification","valueRequired":true,"valueName":"search_term_string"}}],"inLanguage":"en-GB"},{"@type":"Organization","@id":"https:\/\/www.helenaelisabeth.se\/#organization","name":"HELENAELISABETH","url":"https:\/\/www.helenaelisabeth.se\/","logo":{"@type":"ImageObject","inLanguage":"en-GB","@id":"https:\/\/www.helenaelisabeth.se\/#\/schema\/logo\/image\/","url":"https:\/\/www.helenaelisabeth.se\/wp-content\/uploads\/2025\/01\/Logga-liten.png","contentUrl":"https:\/\/www.helenaelisabeth.se\/wp-content\/uploads\/2025\/01\/Logga-liten.png","width":768,"height":76,"caption":"HELENAELISABETH"},"image":{"@id":"https:\/\/www.helenaelisabeth.se\/#\/schema\/logo\/image\/"},"sameAs":["https:\/\/www.instagram.com\/helenaelisabeth.se\/"]}]}},"_links":{"self":[{"href":"https:\/\/www.helenaelisabeth.se\/en\/wp-json\/wp\/v2\/product\/684","targetHints":{"allow":["GET"]}}],"collection":[{"href":"https:\/\/www.helenaelisabeth.se\/en\/wp-json\/wp\/v2\/product"}],"about":[{"href":"https:\/\/www.helenaelisabeth.se\/en\/wp-json\/wp\/v2\/types\/product"}],"wp:featuredmedia":[{"embeddable":true,"href":"https:\/\/www.helenaelisabeth.se\/en\/wp-json\/wp\/v2\/media\/685"}],"wp:attachment":[{"href":"https:\/\/www.helenaelisabeth.se\/en\/wp-json\/wp\/v2\/media?parent=684"}],"wp:term":[{"taxonomy":"product_brand","embeddable":true,"href":"https:\/\/www.helenaelisabeth.se\/en\/wp-json\/wp\/v2\/product_brand?post=684"},{"taxonomy":"product_cat","embeddable":true,"href":"https:\/\/www.helenaelisabeth.se\/en\/wp-json\/wp\/v2\/product_cat?post=684"},{"taxonomy":"product_tag","embeddable":true,"href":"https:\/\/www.helenaelisabeth.se\/en\/wp-json\/wp\/v2\/product_tag?post=684"}],"curies":[{"name":"wp","href":"https:\/\/api.w.org\/{rel}","templated":true}]}}