{"id":692,"date":"2025-01-21T17:37:14","date_gmt":"2025-01-21T16:37:14","guid":{"rendered":"https:\/\/www.helenaelisabeth.se\/?post_type=product&#038;p=692"},"modified":"2026-03-16T15:40:51","modified_gmt":"2026-03-16T14:40:51","slug":"eve-pleated-shirt","status":"publish","type":"product","link":"https:\/\/www.helenaelisabeth.se\/en\/product\/eve-pleated-shirt\/","title":{"rendered":"EVE \u2013 PLEATED SHIRT"},"content":{"rendered":"<p><strong>STORLEKSGUIDE<\/strong> \u00b7 V\u00e5r storleksguide \u00e4r under utveckling och kan hittas\u00a0h\u00e4r. Om du inte \u00e4r s\u00e4ker p\u00e5 vilken storlek du ska v\u00e4lja, skicka ett mail och vi kommer kontakta dig f\u00f6r guidning. Du kan ocks\u00e5 skicka ett mail och best\u00e4lla tygprover.<\/p>\r\n\r\n\r\n\r\n<div class=\"wp-block-buttons is-layout-flex wp-block-buttons-is-layout-flex\">\r\n<div class=\"wp-block-button\"><a class=\"wp-block-button__link wp-element-button\" href=\"mailto:info@helenaelisabeth.se\">Skicka mail f\u00f6r r\u00e5dgivning<\/a><\/div>\r\n<\/div>\r\n\r\n\r\n\r\n<div class=\"wp-block-spacer\" style=\"height: 15px;\" aria-hidden=\"true\">\u00a0<\/div>\r\n\r\n\r\n\r\n<p><strong>MATERIAL<\/strong>\u00b7 100% GOTS certifierad ekologisk bomull.<\/p>\r\n\r\n\r\n\r\n\r\n\r\n<p>&nbsp;<\/p>\r\n\r\n\r\n\r\n<p><strong>SK\u00d6TSELR\u00c5D<\/strong>\u00a0\u00b7 F\u00f6r att f\u00f6rl\u00e4nga livet p\u00e5 plagget, tv\u00e4tta sparsamt! Ofta r\u00e4cker det att h\u00e4nga upp plagget, eventuellt borsta av det, och h\u00e4ng ut p\u00e5 v\u00e4dring efter anv\u00e4ndning. Om det blivit mycket skrynkligt kan man pressa till det igen innan n\u00e4sta anv\u00e4ndning.<\/p>\r\n\r\n\r\n\r\n<p>Om det kommit en fl\u00e4ck, f\u00f6rs\u00f6k ta bort fl\u00e4cken genom att ta ljummet vatten och lite milt tv\u00e4ttmedel p\u00e5 en handduk och tryck eller dutta p\u00e5 fl\u00e4cken tills den f\u00f6rsvunnit, avsluta med endast vatten p\u00e5 handduken. F\u00f6r sv\u00e5ra fl\u00e4ckar, anv\u00e4nd fl\u00e4ckborttagningsmedel med f\u00f6rsiktighet. Hela plagget kan vid behov tv\u00e4ttas i fintv\u00e4tt 40\u00b0, skonsam centrifugering. Stryk med tre prickar p\u00e5 strykj\u00e4rnet.<\/p>\r\n\r\n\r\n\r\n<div class=\"wp-block-spacer\" style=\"height: 15px;\" aria-hidden=\"true\">\u00a0<\/div>\r\n\r\n\r\n\r\n<p><strong>MADE IN<\/strong> \u00b7 Sys p\u00e5 best\u00e4llning i studion i Sm\u00e5land.<\/p>\r\n\r\n\r\n\r\n\r\n\r\n<p>Ekologisk bomullsr\u00e5vara och tyg, ursprung Turkiet.<\/p>\r\n\r\n\r\n\r\n\r\n\r\n<p>&nbsp;<\/p>\r\n\r\n\r\n\r\n<p><strong>LEVERANSTID<\/strong> \u00b7 F\u00f6rv\u00e4ntad leveranstid \u00e4r 4-6 veckor. Efter att vi har mottagit ordern \u00e5terkommer vi med en bekr\u00e4ftad leveranstid.<\/p>","protected":false},"excerpt":{"rendered":"<p>A voluminous and generous shirt. Pleated, with yoke, collar and hidden button placket, shortened 3\/4 sleeves or long sleeves. Wear tucked in for a silhouette with much volume on top or open with a sweater underneath for a more casual style.<\/p>\n<p>&nbsp;<\/p>","protected":false},"featured_media":693,"template":"","meta":{"_monsterinsights_skip_tracking":false,"_monsterinsights_sitenote_active":false,"_monsterinsights_sitenote_note":"","_monsterinsights_sitenote_category":0},"product_brand":[],"product_cat":[63],"product_tag":[],"class_list":{"0":"post-692","1":"product","2":"type-product","3":"status-publish","4":"has-post-thumbnail","6":"product_cat-kollection","8":"first","9":"instock","10":"taxable","11":"shipping-taxable","12":"purchasable","13":"product-type-variable"},"yoast_head":"<!-- This site is optimized with the Yoast SEO plugin v27.1.1 - https:\/\/yoast.com\/product\/yoast-seo-wordpress\/ -->\n<title>EVE \u2013 SKJORTA MED VECK | HELENAELISABETH<\/title>\n<meta name=\"robots\" content=\"index, follow, max-snippet:-1, max-image-preview:large, max-video-preview:-1\" \/>\n<link rel=\"canonical\" href=\"https:\/\/www.helenaelisabeth.se\/en\/product\/eve-pleated-shirt\/\" \/>\n<meta property=\"og:locale\" content=\"en_GB\" \/>\n<meta property=\"og:type\" content=\"article\" \/>\n<meta property=\"og:title\" content=\"EVE \u2013 SKJORTA MED VECK | HELENAELISABETH\" \/>\n<meta property=\"og:description\" content=\"En rymlig och gener\u00f6s skjorta. Veckad, med ok, krage och dold kn\u00e4ppning, 3\/4 \u00e4rmar. B\u00e4r nedstoppad f\u00f6r en siluett med mycket volym upptill, eller uppkn\u00e4ppt med en tr\u00f6ja eller ett linne under f\u00f6r en mer avslappnad look. &nbsp;\" \/>\n<meta property=\"og:url\" content=\"https:\/\/www.helenaelisabeth.se\/en\/product\/eve-pleated-shirt\/\" \/>\n<meta property=\"og:site_name\" content=\"HELENAELISABETH\" \/>\n<meta property=\"article:modified_time\" content=\"2026-03-16T14:40:51+00:00\" \/>\n<meta property=\"og:image\" content=\"https:\/\/www.helenaelisabeth.se\/wp-content\/uploads\/2025\/01\/w1_HelenaElizabeth2024-0112-3.jpg\" \/>\n\t<meta property=\"og:image:width\" content=\"1024\" \/>\n\t<meta property=\"og:image:height\" content=\"1535\" \/>\n\t<meta property=\"og:image:type\" content=\"image\/jpeg\" \/>\n<meta name=\"twitter:card\" content=\"summary_large_image\" \/>\n<meta name=\"twitter:label1\" content=\"Estimated reading time\" \/>\n\t<meta name=\"twitter:data1\" content=\"2 minutes\" \/>\n<script type=\"application\/ld+json\" class=\"yoast-schema-graph\">{\"@context\":\"https:\/\/schema.org\",\"@graph\":[{\"@type\":\"WebPage\",\"@id\":\"https:\/\/www.helenaelisabeth.se\/produkt\/eve-pleated-shirt\/\",\"url\":\"https:\/\/www.helenaelisabeth.se\/produkt\/eve-pleated-shirt\/\",\"name\":\"EVE \u2013 SKJORTA MED VECK | HELENAELISABETH\",\"isPartOf\":{\"@id\":\"https:\/\/www.helenaelisabeth.se\/#website\"},\"primaryImageOfPage\":{\"@id\":\"https:\/\/www.helenaelisabeth.se\/produkt\/eve-pleated-shirt\/#primaryimage\"},\"image\":{\"@id\":\"https:\/\/www.helenaelisabeth.se\/produkt\/eve-pleated-shirt\/#primaryimage\"},\"thumbnailUrl\":\"https:\/\/www.helenaelisabeth.se\/wp-content\/uploads\/2025\/01\/w1_HelenaElizabeth2024-0112-3.jpg\",\"datePublished\":\"2025-01-21T16:37:14+00:00\",\"dateModified\":\"2026-03-16T14:40:51+00:00\",\"breadcrumb\":{\"@id\":\"https:\/\/www.helenaelisabeth.se\/produkt\/eve-pleated-shirt\/#breadcrumb\"},\"inLanguage\":\"en-GB\",\"potentialAction\":[{\"@type\":\"ReadAction\",\"target\":[\"https:\/\/www.helenaelisabeth.se\/produkt\/eve-pleated-shirt\/\"]}]},{\"@type\":\"ImageObject\",\"inLanguage\":\"en-GB\",\"@id\":\"https:\/\/www.helenaelisabeth.se\/produkt\/eve-pleated-shirt\/#primaryimage\",\"url\":\"https:\/\/www.helenaelisabeth.se\/wp-content\/uploads\/2025\/01\/w1_HelenaElizabeth2024-0112-3.jpg\",\"contentUrl\":\"https:\/\/www.helenaelisabeth.se\/wp-content\/uploads\/2025\/01\/w1_HelenaElizabeth2024-0112-3.jpg\",\"width\":1024,\"height\":1535,\"caption\":\"Eve pleated shirt\"},{\"@type\":\"BreadcrumbList\",\"@id\":\"https:\/\/www.helenaelisabeth.se\/produkt\/eve-pleated-shirt\/#breadcrumb\",\"itemListElement\":[{\"@type\":\"ListItem\",\"position\":1,\"name\":\"Home\",\"item\":\"https:\/\/www.helenaelisabeth.se\/\"},{\"@type\":\"ListItem\",\"position\":2,\"name\":\"Handla kollektionen\",\"item\":\"https:\/\/www.helenaelisabeth.se\/butik\/\"},{\"@type\":\"ListItem\",\"position\":3,\"name\":\"EVE \u2013 SKJORTA MED VECK\"}]},{\"@type\":\"WebSite\",\"@id\":\"https:\/\/www.helenaelisabeth.se\/#website\",\"url\":\"https:\/\/www.helenaelisabeth.se\/\",\"name\":\"HELENAELISABETH\",\"description\":\"B\u00e4r ett hantverk\",\"publisher\":{\"@id\":\"https:\/\/www.helenaelisabeth.se\/#organization\"},\"potentialAction\":[{\"@type\":\"SearchAction\",\"target\":{\"@type\":\"EntryPoint\",\"urlTemplate\":\"https:\/\/www.helenaelisabeth.se\/?s={search_term_string}\"},\"query-input\":{\"@type\":\"PropertyValueSpecification\",\"valueRequired\":true,\"valueName\":\"search_term_string\"}}],\"inLanguage\":\"en-GB\"},{\"@type\":\"Organization\",\"@id\":\"https:\/\/www.helenaelisabeth.se\/#organization\",\"name\":\"HELENAELISABETH\",\"url\":\"https:\/\/www.helenaelisabeth.se\/\",\"logo\":{\"@type\":\"ImageObject\",\"inLanguage\":\"en-GB\",\"@id\":\"https:\/\/www.helenaelisabeth.se\/#\/schema\/logo\/image\/\",\"url\":\"https:\/\/www.helenaelisabeth.se\/wp-content\/uploads\/2025\/01\/Logga-liten.png\",\"contentUrl\":\"https:\/\/www.helenaelisabeth.se\/wp-content\/uploads\/2025\/01\/Logga-liten.png\",\"width\":768,\"height\":76,\"caption\":\"HELENAELISABETH\"},\"image\":{\"@id\":\"https:\/\/www.helenaelisabeth.se\/#\/schema\/logo\/image\/\"},\"sameAs\":[\"https:\/\/www.instagram.com\/helenaelisabeth.se\/\"]}]}<\/script>\n<!-- \/ Yoast SEO plugin. -->","yoast_head_json":{"title":"EVE \u2013 SKJORTA MED VECK | HELENAELISABETH","robots":{"index":"index","follow":"follow","max-snippet":"max-snippet:-1","max-image-preview":"max-image-preview:large","max-video-preview":"max-video-preview:-1"},"canonical":"https:\/\/www.helenaelisabeth.se\/en\/product\/eve-pleated-shirt\/","og_locale":"en_GB","og_type":"article","og_title":"EVE \u2013 SKJORTA MED VECK | HELENAELISABETH","og_description":"En rymlig och gener\u00f6s skjorta. Veckad, med ok, krage och dold kn\u00e4ppning, 3\/4 \u00e4rmar. B\u00e4r nedstoppad f\u00f6r en siluett med mycket volym upptill, eller uppkn\u00e4ppt med en tr\u00f6ja eller ett linne under f\u00f6r en mer avslappnad look. &nbsp;","og_url":"https:\/\/www.helenaelisabeth.se\/en\/product\/eve-pleated-shirt\/","og_site_name":"HELENAELISABETH","article_modified_time":"2026-03-16T14:40:51+00:00","og_image":[{"width":1024,"height":1535,"url":"https:\/\/www.helenaelisabeth.se\/wp-content\/uploads\/2025\/01\/w1_HelenaElizabeth2024-0112-3.jpg","type":"image\/jpeg"}],"twitter_card":"summary_large_image","twitter_misc":{"Estimated reading time":"2 minutes"},"schema":{"@context":"https:\/\/schema.org","@graph":[{"@type":"WebPage","@id":"https:\/\/www.helenaelisabeth.se\/produkt\/eve-pleated-shirt\/","url":"https:\/\/www.helenaelisabeth.se\/produkt\/eve-pleated-shirt\/","name":"EVE \u2013 SKJORTA MED VECK | HELENAELISABETH","isPartOf":{"@id":"https:\/\/www.helenaelisabeth.se\/#website"},"primaryImageOfPage":{"@id":"https:\/\/www.helenaelisabeth.se\/produkt\/eve-pleated-shirt\/#primaryimage"},"image":{"@id":"https:\/\/www.helenaelisabeth.se\/produkt\/eve-pleated-shirt\/#primaryimage"},"thumbnailUrl":"https:\/\/www.helenaelisabeth.se\/wp-content\/uploads\/2025\/01\/w1_HelenaElizabeth2024-0112-3.jpg","datePublished":"2025-01-21T16:37:14+00:00","dateModified":"2026-03-16T14:40:51+00:00","breadcrumb":{"@id":"https:\/\/www.helenaelisabeth.se\/produkt\/eve-pleated-shirt\/#breadcrumb"},"inLanguage":"en-GB","potentialAction":[{"@type":"ReadAction","target":["https:\/\/www.helenaelisabeth.se\/produkt\/eve-pleated-shirt\/"]}]},{"@type":"ImageObject","inLanguage":"en-GB","@id":"https:\/\/www.helenaelisabeth.se\/produkt\/eve-pleated-shirt\/#primaryimage","url":"https:\/\/www.helenaelisabeth.se\/wp-content\/uploads\/2025\/01\/w1_HelenaElizabeth2024-0112-3.jpg","contentUrl":"https:\/\/www.helenaelisabeth.se\/wp-content\/uploads\/2025\/01\/w1_HelenaElizabeth2024-0112-3.jpg","width":1024,"height":1535,"caption":"Eve pleated shirt"},{"@type":"BreadcrumbList","@id":"https:\/\/www.helenaelisabeth.se\/produkt\/eve-pleated-shirt\/#breadcrumb","itemListElement":[{"@type":"ListItem","position":1,"name":"Home","item":"https:\/\/www.helenaelisabeth.se\/"},{"@type":"ListItem","position":2,"name":"Handla kollektionen","item":"https:\/\/www.helenaelisabeth.se\/butik\/"},{"@type":"ListItem","position":3,"name":"EVE \u2013 SKJORTA MED VECK"}]},{"@type":"WebSite","@id":"https:\/\/www.helenaelisabeth.se\/#website","url":"https:\/\/www.helenaelisabeth.se\/","name":"HELENAELISABETH","description":"B\u00e4r ett hantverk","publisher":{"@id":"https:\/\/www.helenaelisabeth.se\/#organization"},"potentialAction":[{"@type":"SearchAction","target":{"@type":"EntryPoint","urlTemplate":"https:\/\/www.helenaelisabeth.se\/?s={search_term_string}"},"query-input":{"@type":"PropertyValueSpecification","valueRequired":true,"valueName":"search_term_string"}}],"inLanguage":"en-GB"},{"@type":"Organization","@id":"https:\/\/www.helenaelisabeth.se\/#organization","name":"HELENAELISABETH","url":"https:\/\/www.helenaelisabeth.se\/","logo":{"@type":"ImageObject","inLanguage":"en-GB","@id":"https:\/\/www.helenaelisabeth.se\/#\/schema\/logo\/image\/","url":"https:\/\/www.helenaelisabeth.se\/wp-content\/uploads\/2025\/01\/Logga-liten.png","contentUrl":"https:\/\/www.helenaelisabeth.se\/wp-content\/uploads\/2025\/01\/Logga-liten.png","width":768,"height":76,"caption":"HELENAELISABETH"},"image":{"@id":"https:\/\/www.helenaelisabeth.se\/#\/schema\/logo\/image\/"},"sameAs":["https:\/\/www.instagram.com\/helenaelisabeth.se\/"]}]}},"_links":{"self":[{"href":"https:\/\/www.helenaelisabeth.se\/en\/wp-json\/wp\/v2\/product\/692","targetHints":{"allow":["GET"]}}],"collection":[{"href":"https:\/\/www.helenaelisabeth.se\/en\/wp-json\/wp\/v2\/product"}],"about":[{"href":"https:\/\/www.helenaelisabeth.se\/en\/wp-json\/wp\/v2\/types\/product"}],"wp:featuredmedia":[{"embeddable":true,"href":"https:\/\/www.helenaelisabeth.se\/en\/wp-json\/wp\/v2\/media\/693"}],"wp:attachment":[{"href":"https:\/\/www.helenaelisabeth.se\/en\/wp-json\/wp\/v2\/media?parent=692"}],"wp:term":[{"taxonomy":"product_brand","embeddable":true,"href":"https:\/\/www.helenaelisabeth.se\/en\/wp-json\/wp\/v2\/product_brand?post=692"},{"taxonomy":"product_cat","embeddable":true,"href":"https:\/\/www.helenaelisabeth.se\/en\/wp-json\/wp\/v2\/product_cat?post=692"},{"taxonomy":"product_tag","embeddable":true,"href":"https:\/\/www.helenaelisabeth.se\/en\/wp-json\/wp\/v2\/product_tag?post=692"}],"curies":[{"name":"wp","href":"https:\/\/api.w.org\/{rel}","templated":true}]}}