{"id":715,"date":"2025-01-23T15:11:49","date_gmt":"2025-01-23T14:11:49","guid":{"rendered":"https:\/\/www.helenaelisabeth.se\/?post_type=product&#038;p=715"},"modified":"2026-03-16T15:36:27","modified_gmt":"2026-03-16T14:36:27","slug":"esther-v-neckline-dress","status":"publish","type":"product","link":"https:\/\/www.helenaelisabeth.se\/en\/product\/esther-v-neckline-dress\/","title":{"rendered":"ESTHER &#8211; V RINGAD KL\u00c4NNING"},"content":{"rendered":"<p><strong>STORLEKSGUIDE<\/strong> \u00b7 V\u00e5r storleksguide \u00e4r under utveckling och kan hittas\u00a0h\u00e4r. Om du inte \u00e4r s\u00e4ker p\u00e5 vilken storlek du ska v\u00e4lja, skicka ett mail och vi kommer kontakta dig f\u00f6r guidning. Du kan ocks\u00e5 skicka ett mail och best\u00e4lla tygprover.<\/p>\n<p><a href=\"mailto:info@helenaelisabeth.se\">Skicka mail f\u00f6r r\u00e5dgivning<\/a><\/p>\n<p><strong><br \/>\nMATERIAL<\/strong> \u00b7 Yttertyg 50% ekologisk bomull, 50% lin. Fodertyg 100% ekologisk bomull.<\/p>\n<p><strong><br \/>\nSK\u00d6TSELR\u00c5D<\/strong> \u00b7 F\u00f6r att f\u00f6rl\u00e4nga livet p\u00e5 plagget, tv\u00e4tta sparsamt! Ofta r\u00e4cker det att h\u00e4nga upp plagget, eventuellt borsta av det, och h\u00e4ng ut p\u00e5 v\u00e4dring efter anv\u00e4ndning. Om det blivit mycket skrynkligt kan man pressa till det igen innan n\u00e4sta anv\u00e4ndning. V\u00e4dra eller torka inte ett svart plagg i direkt solljus, d\u00e5 bleks tyget snabbare. Om det kommit en fl\u00e4ck, f\u00f6rs\u00f6k ta bort fl\u00e4cken genom att ta ljummet vatten och lite milt tv\u00e4ttmedel p\u00e5 en handduk och tryck eller dutta p\u00e5 fl\u00e4cken tills den f\u00f6rsvunnit, avsluta med endast vatten p\u00e5 handduken. Hela plagget kan vid s\u00e4rskilt behov tv\u00e4ttas med vatten. Handtv\u00e4tt i ljummet vatten rekommenderas i f\u00f6rsta hand, annars fintv\u00e4tt 40 grader, ingen eller mycket skonsam centrifugering f\u00f6r att undvika brytveck. Rulla in det v\u00e5ta plagget i en handduk och krama f\u00f6rsiktigt (vrid ej) ur \u00f6verfl\u00f6digt vatten.<\/p>\n<p>Stryk med tre prickar p\u00e5 strykj\u00e4rnet p\u00e5 yttertyget och l\u00e4gg en tunn pressduk\/handduk mellan plagg och strykj\u00e4rn.<\/p>\n<p><strong><br \/>\nMADE IN<\/strong> \u00b7 Sys p\u00e5 best\u00e4llning i studion i Sm\u00e5land. Tyg designat och v\u00e4vt i studion.<\/p>\n<p>Ekologiskt bomullsgarn fr\u00e5n Peru, Bergman\/Rivera, lingarn fr\u00e5n Italien, Linificio.<\/p>\n<p><strong><br \/>\nLEVERANSTID<\/strong> \u00b7 F\u00f6rv\u00e4ntad leveranstid \u00e4r 4-6 veckor. Efter att vi har mottagit ordern \u00e5terkommer vi med en bekr\u00e4ftad leveranstid.<\/p>","protected":false},"excerpt":{"rendered":"<p>Kl\u00e4nning med v-ringning fram och bak, dolt blixtl\u00e5s mitt bak, fickor i sids\u00f6mmarna. Sk\u00f6n ofodrad kl\u00e4nning f\u00f6r sommaren, eller b\u00e4r den med n\u00e5got varmt under, under h\u00f6st, vinter och v\u00e5r. Kl\u00e4nningen p\u00e5 bilden \u00e4r sydd i tyg nr 03, kypert variant, textur, svart<\/p>\n<p style=\"font-weight: 400;\">","protected":false},"featured_media":717,"template":"","meta":{"_monsterinsights_skip_tracking":false,"_monsterinsights_sitenote_active":false,"_monsterinsights_sitenote_note":"","_monsterinsights_sitenote_category":0},"product_brand":[],"product_cat":[63],"product_tag":[],"class_list":{"0":"post-715","1":"product","2":"type-product","3":"status-publish","4":"has-post-thumbnail","6":"product_cat-kollection","8":"first","9":"instock","10":"taxable","11":"shipping-taxable","12":"purchasable","13":"product-type-variable"},"yoast_head":"<!-- This site is optimized with the Yoast SEO plugin v27.1.1 - https:\/\/yoast.com\/product\/yoast-seo-wordpress\/ -->\n<title>ESTHER - V RINGAD KL\u00c4NNING | HELENAELISABETH<\/title>\n<meta name=\"robots\" content=\"index, follow, max-snippet:-1, max-image-preview:large, max-video-preview:-1\" \/>\n<link rel=\"canonical\" href=\"https:\/\/www.helenaelisabeth.se\/en\/product\/esther-v-neckline-dress\/\" \/>\n<meta property=\"og:locale\" content=\"en_GB\" \/>\n<meta property=\"og:type\" content=\"article\" \/>\n<meta property=\"og:title\" content=\"ESTHER - V RINGAD KL\u00c4NNING | HELENAELISABETH\" \/>\n<meta property=\"og:description\" content=\"Kl\u00e4nning med v-ringning fram och bak, dolt blixtl\u00e5s mitt bak, fickor i sids\u00f6mmarna. Sk\u00f6n ofodrad kl\u00e4nning f\u00f6r sommaren, eller b\u00e4r den med n\u00e5got varmt under, under h\u00f6st, vinter och v\u00e5r. Kl\u00e4nningen p\u00e5 bilden \u00e4r sydd i tyg nr 03, kypert variant, textur, svart\" \/>\n<meta property=\"og:url\" content=\"https:\/\/www.helenaelisabeth.se\/en\/product\/esther-v-neckline-dress\/\" \/>\n<meta property=\"og:site_name\" content=\"HELENAELISABETH\" \/>\n<meta property=\"article:modified_time\" content=\"2026-03-16T14:36:27+00:00\" \/>\n<meta property=\"og:image\" content=\"https:\/\/www.helenaelisabeth.se\/wp-content\/uploads\/2025\/01\/w2_HelenaElizabeth2024-0450-2.jpg\" \/>\n\t<meta property=\"og:image:width\" content=\"1024\" \/>\n\t<meta property=\"og:image:height\" content=\"1535\" \/>\n\t<meta property=\"og:image:type\" content=\"image\/jpeg\" \/>\n<meta name=\"twitter:card\" content=\"summary_large_image\" \/>\n<meta name=\"twitter:label1\" content=\"Estimated reading time\" \/>\n\t<meta name=\"twitter:data1\" content=\"2 minutes\" \/>\n<script type=\"application\/ld+json\" class=\"yoast-schema-graph\">{\"@context\":\"https:\/\/schema.org\",\"@graph\":[{\"@type\":\"WebPage\",\"@id\":\"https:\/\/www.helenaelisabeth.se\/produkt\/esther-v-neckline-dress\/\",\"url\":\"https:\/\/www.helenaelisabeth.se\/produkt\/esther-v-neckline-dress\/\",\"name\":\"ESTHER - V RINGAD KL\u00c4NNING | HELENAELISABETH\",\"isPartOf\":{\"@id\":\"https:\/\/www.helenaelisabeth.se\/#website\"},\"primaryImageOfPage\":{\"@id\":\"https:\/\/www.helenaelisabeth.se\/produkt\/esther-v-neckline-dress\/#primaryimage\"},\"image\":{\"@id\":\"https:\/\/www.helenaelisabeth.se\/produkt\/esther-v-neckline-dress\/#primaryimage\"},\"thumbnailUrl\":\"https:\/\/www.helenaelisabeth.se\/wp-content\/uploads\/2025\/01\/w2_HelenaElizabeth2024-0450-2.jpg\",\"datePublished\":\"2025-01-23T14:11:49+00:00\",\"dateModified\":\"2026-03-16T14:36:27+00:00\",\"breadcrumb\":{\"@id\":\"https:\/\/www.helenaelisabeth.se\/produkt\/esther-v-neckline-dress\/#breadcrumb\"},\"inLanguage\":\"en-GB\",\"potentialAction\":[{\"@type\":\"ReadAction\",\"target\":[\"https:\/\/www.helenaelisabeth.se\/produkt\/esther-v-neckline-dress\/\"]}]},{\"@type\":\"ImageObject\",\"inLanguage\":\"en-GB\",\"@id\":\"https:\/\/www.helenaelisabeth.se\/produkt\/esther-v-neckline-dress\/#primaryimage\",\"url\":\"https:\/\/www.helenaelisabeth.se\/wp-content\/uploads\/2025\/01\/w2_HelenaElizabeth2024-0450-2.jpg\",\"contentUrl\":\"https:\/\/www.helenaelisabeth.se\/wp-content\/uploads\/2025\/01\/w2_HelenaElizabeth2024-0450-2.jpg\",\"width\":1024,\"height\":1535},{\"@type\":\"BreadcrumbList\",\"@id\":\"https:\/\/www.helenaelisabeth.se\/produkt\/esther-v-neckline-dress\/#breadcrumb\",\"itemListElement\":[{\"@type\":\"ListItem\",\"position\":1,\"name\":\"Home\",\"item\":\"https:\/\/www.helenaelisabeth.se\/\"},{\"@type\":\"ListItem\",\"position\":2,\"name\":\"Handla kollektionen\",\"item\":\"https:\/\/www.helenaelisabeth.se\/butik\/\"},{\"@type\":\"ListItem\",\"position\":3,\"name\":\"ESTHER &#8211; V RINGAD KL\u00c4NNING\"}]},{\"@type\":\"WebSite\",\"@id\":\"https:\/\/www.helenaelisabeth.se\/#website\",\"url\":\"https:\/\/www.helenaelisabeth.se\/\",\"name\":\"HELENAELISABETH\",\"description\":\"B\u00e4r ett hantverk\",\"publisher\":{\"@id\":\"https:\/\/www.helenaelisabeth.se\/#organization\"},\"potentialAction\":[{\"@type\":\"SearchAction\",\"target\":{\"@type\":\"EntryPoint\",\"urlTemplate\":\"https:\/\/www.helenaelisabeth.se\/?s={search_term_string}\"},\"query-input\":{\"@type\":\"PropertyValueSpecification\",\"valueRequired\":true,\"valueName\":\"search_term_string\"}}],\"inLanguage\":\"en-GB\"},{\"@type\":\"Organization\",\"@id\":\"https:\/\/www.helenaelisabeth.se\/#organization\",\"name\":\"HELENAELISABETH\",\"url\":\"https:\/\/www.helenaelisabeth.se\/\",\"logo\":{\"@type\":\"ImageObject\",\"inLanguage\":\"en-GB\",\"@id\":\"https:\/\/www.helenaelisabeth.se\/#\/schema\/logo\/image\/\",\"url\":\"https:\/\/www.helenaelisabeth.se\/wp-content\/uploads\/2025\/01\/Logga-liten.png\",\"contentUrl\":\"https:\/\/www.helenaelisabeth.se\/wp-content\/uploads\/2025\/01\/Logga-liten.png\",\"width\":768,\"height\":76,\"caption\":\"HELENAELISABETH\"},\"image\":{\"@id\":\"https:\/\/www.helenaelisabeth.se\/#\/schema\/logo\/image\/\"},\"sameAs\":[\"https:\/\/www.instagram.com\/helenaelisabeth.se\/\"]}]}<\/script>\n<!-- \/ Yoast SEO plugin. -->","yoast_head_json":{"title":"ESTHER - V RINGAD KL\u00c4NNING | HELENAELISABETH","robots":{"index":"index","follow":"follow","max-snippet":"max-snippet:-1","max-image-preview":"max-image-preview:large","max-video-preview":"max-video-preview:-1"},"canonical":"https:\/\/www.helenaelisabeth.se\/en\/product\/esther-v-neckline-dress\/","og_locale":"en_GB","og_type":"article","og_title":"ESTHER - V RINGAD KL\u00c4NNING | HELENAELISABETH","og_description":"Kl\u00e4nning med v-ringning fram och bak, dolt blixtl\u00e5s mitt bak, fickor i sids\u00f6mmarna. Sk\u00f6n ofodrad kl\u00e4nning f\u00f6r sommaren, eller b\u00e4r den med n\u00e5got varmt under, under h\u00f6st, vinter och v\u00e5r. Kl\u00e4nningen p\u00e5 bilden \u00e4r sydd i tyg nr 03, kypert variant, textur, svart","og_url":"https:\/\/www.helenaelisabeth.se\/en\/product\/esther-v-neckline-dress\/","og_site_name":"HELENAELISABETH","article_modified_time":"2026-03-16T14:36:27+00:00","og_image":[{"width":1024,"height":1535,"url":"https:\/\/www.helenaelisabeth.se\/wp-content\/uploads\/2025\/01\/w2_HelenaElizabeth2024-0450-2.jpg","type":"image\/jpeg"}],"twitter_card":"summary_large_image","twitter_misc":{"Estimated reading time":"2 minutes"},"schema":{"@context":"https:\/\/schema.org","@graph":[{"@type":"WebPage","@id":"https:\/\/www.helenaelisabeth.se\/produkt\/esther-v-neckline-dress\/","url":"https:\/\/www.helenaelisabeth.se\/produkt\/esther-v-neckline-dress\/","name":"ESTHER - V RINGAD KL\u00c4NNING | HELENAELISABETH","isPartOf":{"@id":"https:\/\/www.helenaelisabeth.se\/#website"},"primaryImageOfPage":{"@id":"https:\/\/www.helenaelisabeth.se\/produkt\/esther-v-neckline-dress\/#primaryimage"},"image":{"@id":"https:\/\/www.helenaelisabeth.se\/produkt\/esther-v-neckline-dress\/#primaryimage"},"thumbnailUrl":"https:\/\/www.helenaelisabeth.se\/wp-content\/uploads\/2025\/01\/w2_HelenaElizabeth2024-0450-2.jpg","datePublished":"2025-01-23T14:11:49+00:00","dateModified":"2026-03-16T14:36:27+00:00","breadcrumb":{"@id":"https:\/\/www.helenaelisabeth.se\/produkt\/esther-v-neckline-dress\/#breadcrumb"},"inLanguage":"en-GB","potentialAction":[{"@type":"ReadAction","target":["https:\/\/www.helenaelisabeth.se\/produkt\/esther-v-neckline-dress\/"]}]},{"@type":"ImageObject","inLanguage":"en-GB","@id":"https:\/\/www.helenaelisabeth.se\/produkt\/esther-v-neckline-dress\/#primaryimage","url":"https:\/\/www.helenaelisabeth.se\/wp-content\/uploads\/2025\/01\/w2_HelenaElizabeth2024-0450-2.jpg","contentUrl":"https:\/\/www.helenaelisabeth.se\/wp-content\/uploads\/2025\/01\/w2_HelenaElizabeth2024-0450-2.jpg","width":1024,"height":1535},{"@type":"BreadcrumbList","@id":"https:\/\/www.helenaelisabeth.se\/produkt\/esther-v-neckline-dress\/#breadcrumb","itemListElement":[{"@type":"ListItem","position":1,"name":"Home","item":"https:\/\/www.helenaelisabeth.se\/"},{"@type":"ListItem","position":2,"name":"Handla kollektionen","item":"https:\/\/www.helenaelisabeth.se\/butik\/"},{"@type":"ListItem","position":3,"name":"ESTHER &#8211; V RINGAD KL\u00c4NNING"}]},{"@type":"WebSite","@id":"https:\/\/www.helenaelisabeth.se\/#website","url":"https:\/\/www.helenaelisabeth.se\/","name":"HELENAELISABETH","description":"B\u00e4r ett hantverk","publisher":{"@id":"https:\/\/www.helenaelisabeth.se\/#organization"},"potentialAction":[{"@type":"SearchAction","target":{"@type":"EntryPoint","urlTemplate":"https:\/\/www.helenaelisabeth.se\/?s={search_term_string}"},"query-input":{"@type":"PropertyValueSpecification","valueRequired":true,"valueName":"search_term_string"}}],"inLanguage":"en-GB"},{"@type":"Organization","@id":"https:\/\/www.helenaelisabeth.se\/#organization","name":"HELENAELISABETH","url":"https:\/\/www.helenaelisabeth.se\/","logo":{"@type":"ImageObject","inLanguage":"en-GB","@id":"https:\/\/www.helenaelisabeth.se\/#\/schema\/logo\/image\/","url":"https:\/\/www.helenaelisabeth.se\/wp-content\/uploads\/2025\/01\/Logga-liten.png","contentUrl":"https:\/\/www.helenaelisabeth.se\/wp-content\/uploads\/2025\/01\/Logga-liten.png","width":768,"height":76,"caption":"HELENAELISABETH"},"image":{"@id":"https:\/\/www.helenaelisabeth.se\/#\/schema\/logo\/image\/"},"sameAs":["https:\/\/www.instagram.com\/helenaelisabeth.se\/"]}]}},"_links":{"self":[{"href":"https:\/\/www.helenaelisabeth.se\/en\/wp-json\/wp\/v2\/product\/715","targetHints":{"allow":["GET"]}}],"collection":[{"href":"https:\/\/www.helenaelisabeth.se\/en\/wp-json\/wp\/v2\/product"}],"about":[{"href":"https:\/\/www.helenaelisabeth.se\/en\/wp-json\/wp\/v2\/types\/product"}],"wp:featuredmedia":[{"embeddable":true,"href":"https:\/\/www.helenaelisabeth.se\/en\/wp-json\/wp\/v2\/media\/717"}],"wp:attachment":[{"href":"https:\/\/www.helenaelisabeth.se\/en\/wp-json\/wp\/v2\/media?parent=715"}],"wp:term":[{"taxonomy":"product_brand","embeddable":true,"href":"https:\/\/www.helenaelisabeth.se\/en\/wp-json\/wp\/v2\/product_brand?post=715"},{"taxonomy":"product_cat","embeddable":true,"href":"https:\/\/www.helenaelisabeth.se\/en\/wp-json\/wp\/v2\/product_cat?post=715"},{"taxonomy":"product_tag","embeddable":true,"href":"https:\/\/www.helenaelisabeth.se\/en\/wp-json\/wp\/v2\/product_tag?post=715"}],"curies":[{"name":"wp","href":"https:\/\/api.w.org\/{rel}","templated":true}]}}